{"id":9578,"date":"2023-09-25T11:55:28","date_gmt":"2023-09-25T16:55:28","guid":{"rendered":"https:\/\/www.utelvt.edu.ec\/site\/?page_id=9578"},"modified":"2023-10-25T10:02:45","modified_gmt":"2023-10-25T15:02:45","slug":"psicologia-clinica","status":"publish","type":"page","link":"https:\/\/www.utelvt.edu.ec\/site\/psicologia-clinica\/","title":{"rendered":"PSICOLOG\u00cdA CL\u00cdNICA"},"content":{"rendered":"\t\t<div data-elementor-type=\"wp-page\" data-elementor-id=\"9578\" class=\"elementor elementor-9578\">\n\t\t\t\t<div class=\"elementor-element elementor-element-5ea7ede e-flex e-con-boxed e-con e-parent\" data-id=\"5ea7ede\" data-element_type=\"container\" data-e-type=\"container\">\n\t\t\t\t\t<div class=\"e-con-inner\">\n\t\t\t\t<div class=\"elementor-element elementor-element-29a7a24 elementor-widget elementor-widget-image\" data-id=\"29a7a24\" data-element_type=\"widget\" data-e-type=\"widget\" data-widget_type=\"image.default\">\n\t\t\t\t\t\t\t\t\t\t\t\t\t\t\t<img fetchpriority=\"high\" decoding=\"async\" width=\"2480\" height=\"227\" src=\"https:\/\/www.utelvt.edu.ec\/site\/wp-content\/uploads\/2023\/09\/PSICOLOGIA.png\" class=\"attachment-full size-full wp-image-9580\" alt=\"\" srcset=\"https:\/\/www.utelvt.edu.ec\/site\/wp-content\/uploads\/2023\/09\/PSICOLOGIA.png 2480w, https:\/\/www.utelvt.edu.ec\/site\/wp-content\/uploads\/2023\/09\/PSICOLOGIA-300x27.png 300w, https:\/\/www.utelvt.edu.ec\/site\/wp-content\/uploads\/2023\/09\/PSICOLOGIA-1024x94.png 1024w, https:\/\/www.utelvt.edu.ec\/site\/wp-content\/uploads\/2023\/09\/PSICOLOGIA-768x70.png 768w, https:\/\/www.utelvt.edu.ec\/site\/wp-content\/uploads\/2023\/09\/PSICOLOGIA-1536x141.png 1536w, https:\/\/www.utelvt.edu.ec\/site\/wp-content\/uploads\/2023\/09\/PSICOLOGIA-2048x187.png 2048w\" sizes=\"(max-width: 2480px) 100vw, 2480px\" \/>\t\t\t\t\t\t\t\t\t\t\t\t\t\t\t<\/div>\n\t\t\t\t\t<\/div>\n\t\t\t\t<\/div>\n\t\t<div class=\"elementor-element elementor-element-2cc1a9d e-flex e-con-boxed e-con e-parent\" data-id=\"2cc1a9d\" data-element_type=\"container\" data-e-type=\"container\">\n\t\t\t\t\t<div class=\"e-con-inner\">\n\t\t\t\t<div class=\"elementor-element elementor-element-418dbcf elementor-widget elementor-widget-image\" data-id=\"418dbcf\" data-element_type=\"widget\" data-e-type=\"widget\" data-widget_type=\"image.default\">\n\t\t\t\t\t\t\t\t\t\t\t\t\t\t\t<img decoding=\"async\" width=\"2362\" height=\"590\" src=\"https:\/\/www.utelvt.edu.ec\/site\/wp-content\/uploads\/2023\/09\/FRASE-INICIAL-1.jpg\" class=\"attachment-full size-full wp-image-9587\" alt=\"\" srcset=\"https:\/\/www.utelvt.edu.ec\/site\/wp-content\/uploads\/2023\/09\/FRASE-INICIAL-1.jpg 2362w, https:\/\/www.utelvt.edu.ec\/site\/wp-content\/uploads\/2023\/09\/FRASE-INICIAL-1-300x75.jpg 300w, https:\/\/www.utelvt.edu.ec\/site\/wp-content\/uploads\/2023\/09\/FRASE-INICIAL-1-1024x256.jpg 1024w, https:\/\/www.utelvt.edu.ec\/site\/wp-content\/uploads\/2023\/09\/FRASE-INICIAL-1-768x192.jpg 768w, https:\/\/www.utelvt.edu.ec\/site\/wp-content\/uploads\/2023\/09\/FRASE-INICIAL-1-1536x384.jpg 1536w, https:\/\/www.utelvt.edu.ec\/site\/wp-content\/uploads\/2023\/09\/FRASE-INICIAL-1-2048x512.jpg 2048w\" sizes=\"(max-width: 2362px) 100vw, 2362px\" \/>\t\t\t\t\t\t\t\t\t\t\t\t\t\t\t<\/div>\n\t\t\t\t\t<\/div>\n\t\t\t\t<\/div>\n\t\t<div class=\"elementor-element elementor-element-9ed4c92 e-flex e-con-boxed e-con e-parent\" data-id=\"9ed4c92\" data-element_type=\"container\" data-e-type=\"container\">\n\t\t\t\t\t<div class=\"e-con-inner\">\n\t\t\t\t<div class=\"elementor-element elementor-element-597c6f1 elementor-widget elementor-widget-heading\" data-id=\"597c6f1\" data-element_type=\"widget\" data-e-type=\"widget\" data-widget_type=\"heading.default\">\n\t\t\t\t\t<h2 class=\"elementor-heading-title elementor-size-default\">Perfil de la psic\u00f3loga<\/h2>\t\t\t\t<\/div>\n\t\t\t\t\t<\/div>\n\t\t\t\t<\/div>\n\t\t<div class=\"elementor-element elementor-element-0d71257 e-flex e-con-boxed e-con e-parent\" data-id=\"0d71257\" data-element_type=\"container\" data-e-type=\"container\">\n\t\t\t\t\t<div class=\"e-con-inner\">\n\t\t\t\t<div class=\"elementor-element elementor-element-79e7b56 elementor-widget elementor-widget-text-editor\" data-id=\"79e7b56\" data-element_type=\"widget\" data-e-type=\"widget\" data-widget_type=\"text-editor.default\">\n\t\t\t\t\t\t\t\t\t<p style=\"text-align: justify;\">Hola, soy la Psic\u00f3loga Meylin Delgado, me encuentro en el departamento de psicolog\u00eda, en donde les voy a brindar un espacio y mi escucha activa para cualquier usuario de la Universidad T\u00e9cnica \u201cLuis Vargas Torres\u201d de Esmeraldas que lo desee.\u00a0 Por esta raz\u00f3n, cabe destacar que les brind\u00f3 este acompa\u00f1amiento no solo para tratar de problemas acad\u00e9micos sino m\u00e1s bien con lo que ustedes quieran trabajar o mencionar, por lo que es un sitio en donde se les brinda confort y que es totalmente confidencial donde nos preocupamos por el bienestar de cada uno de ustedes.<\/p>\t\t\t\t\t\t\t\t<\/div>\n\t\t\t\t\t<\/div>\n\t\t\t\t<\/div>\n\t\t<div class=\"elementor-element elementor-element-c870ab2 e-flex e-con-boxed e-con e-parent\" data-id=\"c870ab2\" data-element_type=\"container\" data-e-type=\"container\">\n\t\t\t\t\t<div class=\"e-con-inner\">\n\t\t\t\t<div class=\"elementor-element elementor-element-55b0497 elementor-widget elementor-widget-heading\" data-id=\"55b0497\" data-element_type=\"widget\" data-e-type=\"widget\" data-widget_type=\"heading.default\">\n\t\t\t\t\t<h2 class=\"elementor-heading-title elementor-size-default\">La importancia de la salud mental<\/h2>\t\t\t\t<\/div>\n\t\t\t\t\t<\/div>\n\t\t\t\t<\/div>\n\t\t<div class=\"elementor-element elementor-element-828316b e-flex e-con-boxed e-con e-parent\" data-id=\"828316b\" data-element_type=\"container\" data-e-type=\"container\">\n\t\t\t\t\t<div class=\"e-con-inner\">\n\t\t\t\t<div class=\"elementor-element elementor-element-752db49 elementor-widget elementor-widget-text-editor\" data-id=\"752db49\" data-element_type=\"widget\" data-e-type=\"widget\" data-widget_type=\"text-editor.default\">\n\t\t\t\t\t\t\t\t\t<p style=\"text-align: justify;\">\u00a1Chicos! Desarrollar una buena salud mental nos permite ser m\u00e1s resilientes a los obst\u00e1culos o las adversidades que est\u00e1n enfrentando; al no darle importancia necesaria estamos cerr\u00e1ndonos al crecimiento personal.\u00a0 Una buena salud mental mejora la calidad de vida en general. y de este modo las personas pueden disfrutar m\u00e1s de las actividades diarias, sentirse satisfechas con sus logros y tener una visi\u00f3n m\u00e1s positiva del futuro.<\/p>\t\t\t\t\t\t\t\t<\/div>\n\t\t\t\t\t<\/div>\n\t\t\t\t<\/div>\n\t\t<div class=\"elementor-element elementor-element-d1f5b13 e-flex e-con-boxed e-con e-parent\" data-id=\"d1f5b13\" data-element_type=\"container\" data-e-type=\"container\">\n\t\t\t\t\t<div class=\"e-con-inner\">\n\t\t\t\t<div class=\"elementor-element elementor-element-ddb30d8 elementor-widget elementor-widget-heading\" data-id=\"ddb30d8\" data-element_type=\"widget\" data-e-type=\"widget\" data-widget_type=\"heading.default\">\n\t\t\t\t\t<h2 class=\"elementor-heading-title elementor-size-default\">\u00bfPor qu\u00e9 es importante una Psic\u00f3loga Cl\u00ednica?<\/h2>\t\t\t\t<\/div>\n\t\t\t\t\t<\/div>\n\t\t\t\t<\/div>\n\t\t<div class=\"elementor-element elementor-element-1c5c6e2 e-flex e-con-boxed e-con e-parent\" data-id=\"1c5c6e2\" data-element_type=\"container\" data-e-type=\"container\">\n\t\t\t\t\t<div class=\"e-con-inner\">\n\t\t\t\t<div class=\"elementor-element elementor-element-ad26bd8 elementor-widget elementor-widget-text-editor\" data-id=\"ad26bd8\" data-element_type=\"widget\" data-e-type=\"widget\" data-widget_type=\"text-editor.default\">\n\t\t\t\t\t\t\t\t\t<p style=\"text-align: justify;\">El papel una Psic\u00f3loga Cl\u00ednica es esencial en la promoci\u00f3n del bienestar mental y emocional de cada sujeto, en la resoluci\u00f3n de problemas personales y sociales, debido a que ayudan a las personas a enfrentar y superar una amplia gama de problemas emocionales, cognitivos y conductuales, como la depresi\u00f3n, la ansiedad, el estr\u00e9s postraum\u00e1tico y los trastornos de la alimentaci\u00f3n. Contribuyen al diagn\u00f3stico, tratamiento y prevenci\u00f3n de trastornos mentales.<\/p>\t\t\t\t\t\t\t\t<\/div>\n\t\t\t\t\t<\/div>\n\t\t\t\t<\/div>\n\t\t<div class=\"elementor-element elementor-element-1c52e3a e-flex e-con-boxed e-con e-parent\" data-id=\"1c52e3a\" data-element_type=\"container\" data-e-type=\"container\">\n\t\t\t\t\t<div class=\"e-con-inner\">\n\t\t<div class=\"elementor-element elementor-element-5ebce11 e-flex e-con-boxed e-con e-child\" data-id=\"5ebce11\" data-element_type=\"container\" data-e-type=\"container\">\n\t\t\t\t\t<div class=\"e-con-inner\">\n\t\t\t\t<div class=\"elementor-element elementor-element-43a4072 elementor-widget elementor-widget-image\" data-id=\"43a4072\" data-element_type=\"widget\" data-e-type=\"widget\" data-widget_type=\"image.default\">\n\t\t\t\t\t\t\t\t\t\t\t\t\t\t\t<img decoding=\"async\" width=\"218\" height=\"300\" src=\"https:\/\/www.utelvt.edu.ec\/site\/wp-content\/uploads\/2023\/10\/BOTON-DE-FICHA-MEDICA-1-218x300.png\" class=\"attachment-medium size-medium wp-image-9946\" alt=\"\" srcset=\"https:\/\/www.utelvt.edu.ec\/site\/wp-content\/uploads\/2023\/10\/BOTON-DE-FICHA-MEDICA-1-218x300.png 218w, https:\/\/www.utelvt.edu.ec\/site\/wp-content\/uploads\/2023\/10\/BOTON-DE-FICHA-MEDICA-1.png 472w\" sizes=\"(max-width: 218px) 100vw, 218px\" \/>\t\t\t\t\t\t\t\t\t\t\t\t\t\t\t<\/div>\n\t\t\t\t\t<\/div>\n\t\t\t\t<\/div>\n\t\t\t\t\t<\/div>\n\t\t\t\t<\/div>\n\t\t<div class=\"elementor-element elementor-element-8e10350 e-flex e-con-boxed e-con e-parent\" data-id=\"8e10350\" data-element_type=\"container\" data-e-type=\"container\">\n\t\t\t\t\t<div class=\"e-con-inner\">\n\t\t\t\t<div class=\"elementor-element elementor-element-74bc33f elementor-widget elementor-widget-heading\" data-id=\"74bc33f\" data-element_type=\"widget\" data-e-type=\"widget\" data-widget_type=\"heading.default\">\n\t\t\t\t\t<h2 class=\"elementor-heading-title elementor-size-default\">Horarios<\/h2>\t\t\t\t<\/div>\n\t\t\t\t\t<\/div>\n\t\t\t\t<\/div>\n\t\t<div class=\"elementor-element elementor-element-4a534c9 e-flex e-con-boxed e-con e-parent\" data-id=\"4a534c9\" data-element_type=\"container\" data-e-type=\"container\">\n\t\t\t\t\t<div class=\"e-con-inner\">\n\t\t\t\t<div class=\"elementor-element elementor-element-47f5f78 elementor-widget elementor-widget-text-editor\" data-id=\"47f5f78\" data-element_type=\"widget\" data-e-type=\"widget\" data-widget_type=\"text-editor.default\">\n\t\t\t\t\t\t\t\t\t<p style=\"text-align: center;\"><strong>Lunes a viernes<\/strong> desde las <strong>8:30 a 12:30<\/strong> y en la tarde de <strong>13h30 hasta las 16h30<\/strong><\/p>\t\t\t\t\t\t\t\t<\/div>\n\t\t\t\t\t<\/div>\n\t\t\t\t<\/div>\n\t\t<div class=\"elementor-element elementor-element-3e25465 e-flex e-con-boxed e-con e-parent\" data-id=\"3e25465\" data-element_type=\"container\" data-e-type=\"container\">\n\t\t\t\t\t<div class=\"e-con-inner\">\n\t\t\t\t<div class=\"elementor-element elementor-element-311e9f1 elementor-pagination-position-outside elementor-widget elementor-widget-image-carousel\" data-id=\"311e9f1\" data-element_type=\"widget\" data-e-type=\"widget\" data-settings=\"{&quot;slides_to_show&quot;:&quot;1&quot;,&quot;navigation&quot;:&quot;dots&quot;,&quot;autoplay&quot;:&quot;yes&quot;,&quot;pause_on_hover&quot;:&quot;yes&quot;,&quot;pause_on_interaction&quot;:&quot;yes&quot;,&quot;autoplay_speed&quot;:5000,&quot;infinite&quot;:&quot;yes&quot;,&quot;effect&quot;:&quot;slide&quot;,&quot;speed&quot;:500}\" data-widget_type=\"image-carousel.default\">\n\t\t\t\t\t\t\t<div class=\"elementor-image-carousel-wrapper swiper\" role=\"region\" aria-roledescription=\"carousel\" aria-label=\"Carrusel de im\u00e1genes\" dir=\"ltr\">\n\t\t\t<div class=\"elementor-image-carousel swiper-wrapper\" aria-live=\"off\">\n\t\t\t\t\t\t\t\t<div class=\"swiper-slide\" role=\"group\" aria-roledescription=\"slide\" aria-label=\"1 de 8\"><figure class=\"swiper-slide-inner\"><img decoding=\"async\" class=\"swiper-slide-image\" src=\"https:\/\/www.utelvt.edu.ec\/site\/wp-content\/uploads\/2023\/09\/8f.png\" alt=\"8f\" \/><\/figure><\/div><div class=\"swiper-slide\" role=\"group\" aria-roledescription=\"slide\" aria-label=\"2 de 8\"><figure class=\"swiper-slide-inner\"><img decoding=\"async\" class=\"swiper-slide-image\" src=\"https:\/\/www.utelvt.edu.ec\/site\/wp-content\/uploads\/2023\/09\/7f.png\" alt=\"7f\" \/><\/figure><\/div><div class=\"swiper-slide\" role=\"group\" aria-roledescription=\"slide\" aria-label=\"3 de 8\"><figure class=\"swiper-slide-inner\"><img decoding=\"async\" class=\"swiper-slide-image\" src=\"https:\/\/www.utelvt.edu.ec\/site\/wp-content\/uploads\/2023\/09\/6f.png\" alt=\"6f\" \/><\/figure><\/div><div class=\"swiper-slide\" role=\"group\" aria-roledescription=\"slide\" aria-label=\"4 de 8\"><figure class=\"swiper-slide-inner\"><img decoding=\"async\" class=\"swiper-slide-image\" src=\"https:\/\/www.utelvt.edu.ec\/site\/wp-content\/uploads\/2023\/09\/5f.png\" alt=\"5f\" \/><\/figure><\/div><div class=\"swiper-slide\" role=\"group\" aria-roledescription=\"slide\" aria-label=\"5 de 8\"><figure class=\"swiper-slide-inner\"><img decoding=\"async\" class=\"swiper-slide-image\" src=\"https:\/\/www.utelvt.edu.ec\/site\/wp-content\/uploads\/2023\/09\/4f.png\" alt=\"4f\" \/><\/figure><\/div><div class=\"swiper-slide\" role=\"group\" aria-roledescription=\"slide\" aria-label=\"6 de 8\"><figure class=\"swiper-slide-inner\"><img decoding=\"async\" class=\"swiper-slide-image\" src=\"https:\/\/www.utelvt.edu.ec\/site\/wp-content\/uploads\/2023\/09\/3f.png\" alt=\"3f\" \/><\/figure><\/div><div class=\"swiper-slide\" role=\"group\" aria-roledescription=\"slide\" aria-label=\"7 de 8\"><figure class=\"swiper-slide-inner\"><img decoding=\"async\" class=\"swiper-slide-image\" src=\"https:\/\/www.utelvt.edu.ec\/site\/wp-content\/uploads\/2023\/09\/2f.png\" alt=\"2f\" \/><\/figure><\/div><div class=\"swiper-slide\" role=\"group\" aria-roledescription=\"slide\" aria-label=\"8 de 8\"><figure class=\"swiper-slide-inner\"><img decoding=\"async\" class=\"swiper-slide-image\" src=\"https:\/\/www.utelvt.edu.ec\/site\/wp-content\/uploads\/2023\/09\/1f.png\" alt=\"1f\" \/><\/figure><\/div>\t\t\t<\/div>\n\t\t\t\t\t\t\t\n\t\t\t\t\t\t\t\t\t<div class=\"swiper-pagination\"><\/div>\n\t\t\t\t\t\t\t\t\t<\/div>\n\t\t\t\t\t\t<\/div>\n\t\t\t\t\t<\/div>\n\t\t\t\t<\/div>\n\t\t<div class=\"elementor-element elementor-element-3ff8d11 e-flex e-con-boxed e-con e-parent\" data-id=\"3ff8d11\" data-element_type=\"container\" data-e-type=\"container\">\n\t\t\t\t\t<div class=\"e-con-inner\">\n\t\t\t\t<div class=\"elementor-element elementor-element-24a74a1 elementor-widget elementor-widget-n-accordion\" data-id=\"24a74a1\" data-element_type=\"widget\" data-e-type=\"widget\" data-settings=\"{&quot;default_state&quot;:&quot;expanded&quot;,&quot;max_items_expended&quot;:&quot;one&quot;,&quot;n_accordion_animation_duration&quot;:{&quot;unit&quot;:&quot;ms&quot;,&quot;size&quot;:400,&quot;sizes&quot;:[]}}\" data-widget_type=\"nested-accordion.default\">\n\t\t\t\t\t\t\t<div class=\"e-n-accordion\" aria-label=\"Accordion. Open links with Enter or Space, close with Escape, and navigate with Arrow Keys\">\n\t\t\t\t\t\t<details id=\"e-n-accordion-item-3840\" class=\"e-n-accordion-item\" open>\n\t\t\t\t<summary class=\"e-n-accordion-item-title\" data-accordion-index=\"1\" tabindex=\"0\" aria-expanded=\"true\" aria-controls=\"e-n-accordion-item-3840\" >\n\t\t\t\t\t<span class='e-n-accordion-item-title-header'><div class=\"e-n-accordion-item-title-text\"> \u00bfC\u00f3mo llegar al departamento de Psicolog\u00eda? <\/div><\/span>\n\t\t\t\t\t\t\t<span class='e-n-accordion-item-title-icon'>\n\t\t\t<span class='e-opened' ><svg aria-hidden=\"true\" class=\"e-font-icon-svg e-fas-minus\" viewBox=\"0 0 448 512\" xmlns=\"http:\/\/www.w3.org\/2000\/svg\"><path d=\"M416 208H32c-17.67 0-32 14.33-32 32v32c0 17.67 14.33 32 32 32h384c17.67 0 32-14.33 32-32v-32c0-17.67-14.33-32-32-32z\"><\/path><\/svg><\/span>\n\t\t\t<span class='e-closed'><svg aria-hidden=\"true\" class=\"e-font-icon-svg e-fas-plus\" viewBox=\"0 0 448 512\" xmlns=\"http:\/\/www.w3.org\/2000\/svg\"><path d=\"M416 208H272V64c0-17.67-14.33-32-32-32h-32c-17.67 0-32 14.33-32 32v144H32c-17.67 0-32 14.33-32 32v32c0 17.67 14.33 32 32 32h144v144c0 17.67 14.33 32 32 32h32c17.67 0 32-14.33 32-32V304h144c17.67 0 32-14.33 32-32v-32c0-17.67-14.33-32-32-32z\"><\/path><\/svg><\/span>\n\t\t<\/span>\n\n\t\t\t\t\t\t<\/summary>\n\t\t\t\t<div role=\"region\" aria-labelledby=\"e-n-accordion-item-3840\" class=\"elementor-element elementor-element-b477a70 e-con-full e-flex e-con e-child\" data-id=\"b477a70\" data-element_type=\"container\" data-e-type=\"container\">\n\t\t\t\t<div class=\"elementor-element elementor-element-67b1230 elementor-widget elementor-widget-image\" data-id=\"67b1230\" data-element_type=\"widget\" data-e-type=\"widget\" data-widget_type=\"image.default\">\n\t\t\t\t\t\t\t\t\t\t\t\t\t\t\t<img loading=\"lazy\" decoding=\"async\" width=\"750\" height=\"428\" src=\"https:\/\/www.utelvt.edu.ec\/site\/wp-content\/uploads\/2023\/09\/CROQUIS.png\" class=\"attachment-large size-large wp-image-9621\" alt=\"\" srcset=\"https:\/\/www.utelvt.edu.ec\/site\/wp-content\/uploads\/2023\/09\/CROQUIS.png 941w, https:\/\/www.utelvt.edu.ec\/site\/wp-content\/uploads\/2023\/09\/CROQUIS-300x171.png 300w, https:\/\/www.utelvt.edu.ec\/site\/wp-content\/uploads\/2023\/09\/CROQUIS-768x438.png 768w\" sizes=\"(max-width: 750px) 100vw, 750px\" \/>\t\t\t\t\t\t\t\t\t\t\t\t\t\t\t<\/div>\n\t\t\t\t<\/div>\n\t\t\t\t\t<\/details>\n\t\t\t\t\t<\/div>\n\t\t\t\t\t\t<\/div>\n\t\t\t\t\t<\/div>\n\t\t\t\t<\/div>\n\t\t\t\t<\/div>\n\t\t","protected":false},"excerpt":{"rendered":"<p>Perfil de la psic\u00f3loga Hola, soy la Psic\u00f3loga Meylin Delgado, me encuentro en el departamento de psicolog\u00eda, en donde les &hellip; <\/p>\n","protected":false},"author":3,"featured_media":0,"parent":0,"menu_order":0,"comment_status":"closed","ping_status":"closed","template":"","meta":{"_eb_attr":"","_uf_show_specific_survey":0,"_uf_disable_surveys":false,"footnotes":""},"class_list":["post-9578","page","type-page","status-publish","hentry","latest_post"],"aioseo_notices":[],"a3_pvc":{"activated":true,"total_views":0,"today_views":0},"_links":{"self":[{"href":"https:\/\/www.utelvt.edu.ec\/site\/wp-json\/wp\/v2\/pages\/9578","targetHints":{"allow":["GET"]}}],"collection":[{"href":"https:\/\/www.utelvt.edu.ec\/site\/wp-json\/wp\/v2\/pages"}],"about":[{"href":"https:\/\/www.utelvt.edu.ec\/site\/wp-json\/wp\/v2\/types\/page"}],"author":[{"embeddable":true,"href":"https:\/\/www.utelvt.edu.ec\/site\/wp-json\/wp\/v2\/users\/3"}],"replies":[{"embeddable":true,"href":"https:\/\/www.utelvt.edu.ec\/site\/wp-json\/wp\/v2\/comments?post=9578"}],"version-history":[{"count":35,"href":"https:\/\/www.utelvt.edu.ec\/site\/wp-json\/wp\/v2\/pages\/9578\/revisions"}],"predecessor-version":[{"id":9949,"href":"https:\/\/www.utelvt.edu.ec\/site\/wp-json\/wp\/v2\/pages\/9578\/revisions\/9949"}],"wp:attachment":[{"href":"https:\/\/www.utelvt.edu.ec\/site\/wp-json\/wp\/v2\/media?parent=9578"}],"curies":[{"name":"wp","href":"https:\/\/api.w.org\/{rel}","templated":true}]}}