{"id":9053,"date":"2023-08-14T10:34:39","date_gmt":"2023-08-14T15:34:39","guid":{"rendered":"https:\/\/www.utelvt.edu.ec\/site\/?page_id=9053"},"modified":"2024-01-08T15:35:51","modified_gmt":"2024-01-08T20:35:51","slug":"servicios-medicos","status":"publish","type":"page","link":"https:\/\/www.utelvt.edu.ec\/site\/servicios-medicos\/","title":{"rendered":"SERVICIOS M\u00c9DICOS"},"content":{"rendered":"\t\t<div data-elementor-type=\"wp-page\" data-elementor-id=\"9053\" class=\"elementor elementor-9053\">\n\t\t\t\t<div class=\"elementor-element elementor-element-59cc622c e-flex e-con-boxed e-con e-parent\" data-id=\"59cc622c\" data-element_type=\"container\" data-e-type=\"container\">\n\t\t\t\t\t<div class=\"e-con-inner\">\n\t\t\t\t<div class=\"elementor-element elementor-element-383504a1 elementor-widget elementor-widget-image\" data-id=\"383504a1\" data-element_type=\"widget\" data-e-type=\"widget\" data-widget_type=\"image.default\">\n\t\t\t\t\t\t\t\t\t\t\t\t\t\t\t<img fetchpriority=\"high\" decoding=\"async\" width=\"2480\" height=\"227\" src=\"https:\/\/www.utelvt.edu.ec\/site\/wp-content\/uploads\/2023\/08\/BARRA-DE-SERVICIO-MEDICO.png\" class=\"attachment-full size-full wp-image-9056\" alt=\"\" srcset=\"https:\/\/www.utelvt.edu.ec\/site\/wp-content\/uploads\/2023\/08\/BARRA-DE-SERVICIO-MEDICO.png 2480w, https:\/\/www.utelvt.edu.ec\/site\/wp-content\/uploads\/2023\/08\/BARRA-DE-SERVICIO-MEDICO-300x27.png 300w, https:\/\/www.utelvt.edu.ec\/site\/wp-content\/uploads\/2023\/08\/BARRA-DE-SERVICIO-MEDICO-1024x94.png 1024w, https:\/\/www.utelvt.edu.ec\/site\/wp-content\/uploads\/2023\/08\/BARRA-DE-SERVICIO-MEDICO-768x70.png 768w, https:\/\/www.utelvt.edu.ec\/site\/wp-content\/uploads\/2023\/08\/BARRA-DE-SERVICIO-MEDICO-1536x141.png 1536w, https:\/\/www.utelvt.edu.ec\/site\/wp-content\/uploads\/2023\/08\/BARRA-DE-SERVICIO-MEDICO-2048x187.png 2048w\" sizes=\"(max-width: 2480px) 100vw, 2480px\" \/>\t\t\t\t\t\t\t\t\t\t\t\t\t\t\t<\/div>\n\t\t\t\t\t<\/div>\n\t\t\t\t<\/div>\n\t\t<div class=\"elementor-element elementor-element-147cc08 e-flex e-con-boxed e-con e-parent\" data-id=\"147cc08\" data-element_type=\"container\" data-e-type=\"container\">\n\t\t\t\t\t<div class=\"e-con-inner\">\n\t\t\t\t<div class=\"elementor-element elementor-element-7aac636 elementor-widget elementor-widget-text-editor\" data-id=\"7aac636\" data-element_type=\"widget\" data-e-type=\"widget\" data-widget_type=\"text-editor.default\">\n\t\t\t\t\t\t\t\t\t<p>El \u00e1rea de salud est\u00e1 constituida por los Dispensarios M\u00e9dicos de los campus universitarios de Nuevos Horizontes, Mutile y extensi\u00f3n La Concordia que brindan los servicios de medicina y odontolog\u00eda y psicolog\u00eda.<\/p>\t\t\t\t\t\t\t\t<\/div>\n\t\t<div class=\"elementor-element elementor-element-32a9b154 e-flex e-con-boxed e-con e-child\" data-id=\"32a9b154\" data-element_type=\"container\" data-e-type=\"container\">\n\t\t\t\t\t<div class=\"e-con-inner\">\n\t\t\t\t<div class=\"elementor-element elementor-element-585cdb93 elementor-arrows-position-inside elementor-pagination-position-outside elementor-widget elementor-widget-image-carousel\" data-id=\"585cdb93\" data-element_type=\"widget\" data-e-type=\"widget\" data-settings=\"{&quot;slides_to_show&quot;:&quot;1&quot;,&quot;effect&quot;:&quot;fade&quot;,&quot;navigation&quot;:&quot;both&quot;,&quot;autoplay&quot;:&quot;yes&quot;,&quot;pause_on_hover&quot;:&quot;yes&quot;,&quot;pause_on_interaction&quot;:&quot;yes&quot;,&quot;autoplay_speed&quot;:5000,&quot;infinite&quot;:&quot;yes&quot;,&quot;speed&quot;:500}\" data-widget_type=\"image-carousel.default\">\n\t\t\t\t\t\t\t<div class=\"elementor-image-carousel-wrapper swiper\" role=\"region\" aria-roledescription=\"carousel\" aria-label=\"Carrusel de im\u00e1genes\" dir=\"ltr\">\n\t\t\t<div class=\"elementor-image-carousel swiper-wrapper\" aria-live=\"off\">\n\t\t\t\t\t\t\t\t<div class=\"swiper-slide\" role=\"group\" aria-roledescription=\"slide\" aria-label=\"1 de 9\"><figure class=\"swiper-slide-inner\"><img decoding=\"async\" class=\"swiper-slide-image\" src=\"https:\/\/www.utelvt.edu.ec\/site\/wp-content\/uploads\/2023\/06\/WhatsApp-Image-2023-06-22-at-09.37.31-4-768x432.jpeg\" alt=\"WhatsApp Image 2023-06-22 at 09.37.31 (4)\" \/><\/figure><\/div><div class=\"swiper-slide\" role=\"group\" aria-roledescription=\"slide\" aria-label=\"2 de 9\"><figure class=\"swiper-slide-inner\"><img decoding=\"async\" class=\"swiper-slide-image\" src=\"https:\/\/www.utelvt.edu.ec\/site\/wp-content\/uploads\/2023\/06\/WhatsApp-Image-2023-06-22-at-09.37.31-1-768x512.jpeg\" alt=\"WhatsApp Image 2023-06-22 at 09.37.31 (1)\" \/><\/figure><\/div><div class=\"swiper-slide\" role=\"group\" aria-roledescription=\"slide\" aria-label=\"3 de 9\"><figure class=\"swiper-slide-inner\"><img decoding=\"async\" class=\"swiper-slide-image\" src=\"https:\/\/www.utelvt.edu.ec\/site\/wp-content\/uploads\/2023\/06\/WhatsApp-Image-2023-06-22-at-09.37.31-2-768x512.jpeg\" alt=\"WhatsApp Image 2023-06-22 at 09.37.31 (2)\" \/><\/figure><\/div><div class=\"swiper-slide\" role=\"group\" aria-roledescription=\"slide\" aria-label=\"4 de 9\"><figure class=\"swiper-slide-inner\"><img decoding=\"async\" class=\"swiper-slide-image\" src=\"https:\/\/www.utelvt.edu.ec\/site\/wp-content\/uploads\/2023\/06\/WhatsApp-Image-2023-06-22-at-09.37.31-3-768x512.jpeg\" alt=\"WhatsApp Image 2023-06-22 at 09.37.31 (3)\" \/><\/figure><\/div><div class=\"swiper-slide\" role=\"group\" aria-roledescription=\"slide\" aria-label=\"5 de 9\"><figure class=\"swiper-slide-inner\"><img decoding=\"async\" class=\"swiper-slide-image\" src=\"https:\/\/www.utelvt.edu.ec\/site\/wp-content\/uploads\/2023\/06\/WhatsApp-Image-2023-06-22-at-09.37.31-768x489.jpeg\" alt=\"WhatsApp Image 2023-06-22 at 09.37.31\" \/><\/figure><\/div><div class=\"swiper-slide\" role=\"group\" aria-roledescription=\"slide\" aria-label=\"6 de 9\"><figure class=\"swiper-slide-inner\"><img decoding=\"async\" class=\"swiper-slide-image\" src=\"https:\/\/www.utelvt.edu.ec\/site\/wp-content\/uploads\/2023\/06\/WhatsApp-Image-2023-06-22-at-09.37.32-768x512.jpeg\" alt=\"WhatsApp Image 2023-06-22 at 09.37.32\" \/><\/figure><\/div><div class=\"swiper-slide\" role=\"group\" aria-roledescription=\"slide\" aria-label=\"7 de 9\"><figure class=\"swiper-slide-inner\"><img decoding=\"async\" class=\"swiper-slide-image\" src=\"https:\/\/www.utelvt.edu.ec\/site\/wp-content\/uploads\/2023\/06\/WhatsApp-Image-2023-06-22-at-09.42.21-768x512.jpeg\" alt=\"WhatsApp Image 2023-06-22 at 09.42.21\" \/><\/figure><\/div><div class=\"swiper-slide\" role=\"group\" aria-roledescription=\"slide\" aria-label=\"8 de 9\"><figure class=\"swiper-slide-inner\"><img decoding=\"async\" class=\"swiper-slide-image\" src=\"https:\/\/www.utelvt.edu.ec\/site\/wp-content\/uploads\/2023\/06\/WhatsApp-Image-2023-06-22-at-09.46.24-1-768x512.jpeg\" alt=\"WhatsApp Image 2023-06-22 at 09.46.24 (1)\" \/><\/figure><\/div><div class=\"swiper-slide\" role=\"group\" aria-roledescription=\"slide\" aria-label=\"9 de 9\"><figure class=\"swiper-slide-inner\"><img decoding=\"async\" class=\"swiper-slide-image\" src=\"https:\/\/www.utelvt.edu.ec\/site\/wp-content\/uploads\/2023\/06\/WhatsApp-Image-2023-06-22-at-09.46.24-768x512.jpeg\" alt=\"WhatsApp Image 2023-06-22 at 09.46.24\" \/><\/figure><\/div>\t\t\t<\/div>\n\t\t\t\t\t\t\t\t\t\t\t\t<div class=\"elementor-swiper-button elementor-swiper-button-prev\" role=\"button\" tabindex=\"0\">\n\t\t\t\t\t\t<svg aria-hidden=\"true\" class=\"e-font-icon-svg e-eicon-chevron-left\" viewBox=\"0 0 1000 1000\" xmlns=\"http:\/\/www.w3.org\/2000\/svg\"><path d=\"M646 125C629 125 613 133 604 142L308 442C296 454 292 471 292 487 292 504 296 521 308 533L604 854C617 867 629 875 646 875 663 875 679 871 692 858 704 846 713 829 713 812 713 796 708 779 692 767L438 487 692 225C700 217 708 204 708 187 708 171 704 154 692 142 675 129 663 125 646 125Z\"><\/path><\/svg>\t\t\t\t\t<\/div>\n\t\t\t\t\t<div class=\"elementor-swiper-button elementor-swiper-button-next\" role=\"button\" tabindex=\"0\">\n\t\t\t\t\t\t<svg aria-hidden=\"true\" class=\"e-font-icon-svg e-eicon-chevron-right\" viewBox=\"0 0 1000 1000\" xmlns=\"http:\/\/www.w3.org\/2000\/svg\"><path d=\"M696 533C708 521 713 504 713 487 713 471 708 454 696 446L400 146C388 133 375 125 354 125 338 125 325 129 313 142 300 154 292 171 292 187 292 204 296 221 308 233L563 492 304 771C292 783 288 800 288 817 288 833 296 850 308 863 321 871 338 875 354 875 371 875 388 867 400 854L696 533Z\"><\/path><\/svg>\t\t\t\t\t<\/div>\n\t\t\t\t\n\t\t\t\t\t\t\t\t\t<div class=\"swiper-pagination\"><\/div>\n\t\t\t\t\t\t\t\t\t<\/div>\n\t\t\t\t\t\t<\/div>\n\t\t\t\t\t<\/div>\n\t\t\t\t<\/div>\n\t\t\t\t\t<\/div>\n\t\t\t\t<\/div>\n\t\t<div class=\"elementor-element elementor-element-a7a475a e-flex e-con-boxed e-con e-parent\" data-id=\"a7a475a\" data-element_type=\"container\" data-e-type=\"container\">\n\t\t\t\t\t<div class=\"e-con-inner\">\n\t\t\t\t<div class=\"elementor-element elementor-element-32c7780 elementor-widget elementor-widget-text-editor\" data-id=\"32c7780\" data-element_type=\"widget\" data-e-type=\"widget\" data-widget_type=\"text-editor.default\">\n\t\t\t\t\t\t\t\t\t<p style=\"text-align: center;\"><strong>Los programas y acciones de esta \u00e1rea est\u00e1n dirigidos a toda la comunidad universitaria:<\/strong><\/p><ul><li>Brindar y garantizar un servicio de calidad en atenci\u00f3n de salud, de odontolog\u00eda, al estamento estudiantil de la instituci\u00f3n.<\/li><li>Prestar primeros auxilios en casos de emergencia m\u00e9dica a todos los miembros de la comunidad universitaria<\/li><li>Desarrollar campa\u00f1as de educaci\u00f3n nutricional y ambiental en coordinaci\u00f3n con el \u00e1rea de Trabajo Social recomendando a los proveedores de servicios alimenticios de la Universidad, el tipo y calidad de alimentos sanos y nutritivos que deben ofrecer a la comunidad universitaria.<\/li><li>Organizar peri\u00f3dicamente campa\u00f1as de salud preventiva mediante charlas, talleres y exposiciones sobre prevenci\u00f3n del consumo indebido de alcohol, drogas, as\u00ed como sobre prevenci\u00f3n de enfermedades infecto-contagiosas, de transmisi\u00f3n sexual y de origen tropical para la comunidad universitaria.<\/li><li>Coordinar con el sistema nacional de salud, dirigido por el Ministerio de Salud (MSP), campa\u00f1as de vacunaci\u00f3n, educaci\u00f3n para la salud y nutrici\u00f3n de la comunidad universitaria<\/li><\/ul>\t\t\t\t\t\t\t\t<\/div>\n\t\t\t\t\t<\/div>\n\t\t\t\t<\/div>\n\t\t<div class=\"elementor-element elementor-element-5e5f997 e-flex e-con-boxed e-con e-parent\" data-id=\"5e5f997\" data-element_type=\"container\" data-e-type=\"container\">\n\t\t\t\t\t<div class=\"e-con-inner\">\n\t\t\t\t<div class=\"elementor-element elementor-element-91d796e elementor-widget-divider--view-line elementor-widget elementor-widget-divider\" data-id=\"91d796e\" data-element_type=\"widget\" data-e-type=\"widget\" data-widget_type=\"divider.default\">\n\t\t\t\t\t\t\t<div class=\"elementor-divider\">\n\t\t\t<span class=\"elementor-divider-separator\">\n\t\t\t\t\t\t<\/span>\n\t\t<\/div>\n\t\t\t\t\t\t<\/div>\n\t\t\t\t\t<\/div>\n\t\t\t\t<\/div>\n\t\t<div class=\"elementor-element elementor-element-8166f15 e-flex e-con-boxed e-con e-parent\" data-id=\"8166f15\" data-element_type=\"container\" data-e-type=\"container\">\n\t\t\t\t\t<div class=\"e-con-inner\">\n\t\t\t\t<div class=\"elementor-element elementor-element-57b6648 elementor-widget elementor-widget-image\" data-id=\"57b6648\" data-element_type=\"widget\" data-e-type=\"widget\" data-widget_type=\"image.default\">\n\t\t\t\t\t\t\t\t\t\t\t\t\t\t\t\t<a href=\"http:\/\/sistemas.utelvt.edu.ec\/bienestar\/login.aspx\">\n\t\t\t\t\t\t\t<img decoding=\"async\" width=\"218\" height=\"300\" src=\"https:\/\/www.utelvt.edu.ec\/site\/wp-content\/uploads\/2023\/10\/BOTON-DE-FICHA-MEDICA-218x300.png\" class=\"attachment-medium size-medium wp-image-9932\" alt=\"\" srcset=\"https:\/\/www.utelvt.edu.ec\/site\/wp-content\/uploads\/2023\/10\/BOTON-DE-FICHA-MEDICA-218x300.png 218w, https:\/\/www.utelvt.edu.ec\/site\/wp-content\/uploads\/2023\/10\/BOTON-DE-FICHA-MEDICA.png 472w\" sizes=\"(max-width: 218px) 100vw, 218px\" \/>\t\t\t\t\t\t\t\t<\/a>\n\t\t\t\t\t\t\t\t\t\t\t\t\t\t\t<\/div>\n\t\t\t\t\t<\/div>\n\t\t\t\t<\/div>\n\t\t\t\t<\/div>\n\t\t","protected":false},"excerpt":{"rendered":"<p>El \u00e1rea de salud est\u00e1 constituida por los Dispensarios M\u00e9dicos de los campus universitarios de Nuevos Horizontes, Mutile y extensi\u00f3n &hellip; <\/p>\n","protected":false},"author":3,"featured_media":0,"parent":0,"menu_order":0,"comment_status":"closed","ping_status":"closed","template":"","meta":{"_eb_attr":"","_uf_show_specific_survey":0,"_uf_disable_surveys":false,"footnotes":""},"class_list":["post-9053","page","type-page","status-publish","hentry","latest_post"],"aioseo_notices":[],"a3_pvc":{"activated":true,"total_views":0,"today_views":0},"_links":{"self":[{"href":"https:\/\/www.utelvt.edu.ec\/site\/wp-json\/wp\/v2\/pages\/9053","targetHints":{"allow":["GET"]}}],"collection":[{"href":"https:\/\/www.utelvt.edu.ec\/site\/wp-json\/wp\/v2\/pages"}],"about":[{"href":"https:\/\/www.utelvt.edu.ec\/site\/wp-json\/wp\/v2\/types\/page"}],"author":[{"embeddable":true,"href":"https:\/\/www.utelvt.edu.ec\/site\/wp-json\/wp\/v2\/users\/3"}],"replies":[{"embeddable":true,"href":"https:\/\/www.utelvt.edu.ec\/site\/wp-json\/wp\/v2\/comments?post=9053"}],"version-history":[{"count":32,"href":"https:\/\/www.utelvt.edu.ec\/site\/wp-json\/wp\/v2\/pages\/9053\/revisions"}],"predecessor-version":[{"id":10224,"href":"https:\/\/www.utelvt.edu.ec\/site\/wp-json\/wp\/v2\/pages\/9053\/revisions\/10224"}],"wp:attachment":[{"href":"https:\/\/www.utelvt.edu.ec\/site\/wp-json\/wp\/v2\/media?parent=9053"}],"curies":[{"name":"wp","href":"https:\/\/api.w.org\/{rel}","templated":true}]}}