{"id":701,"date":"2021-03-03T16:55:30","date_gmt":"2021-03-03T16:55:30","guid":{"rendered":"https:\/\/www.utelvt.edu.ec\/site\/?page_id=701"},"modified":"2022-06-22T15:17:32","modified_gmt":"2022-06-22T20:17:32","slug":"sociologia","status":"publish","type":"page","link":"https:\/\/www.utelvt.edu.ec\/site\/facultades\/ciencias-sociales-y-de-servicios\/sociologia\/","title":{"rendered":"Sociolog\u00eda"},"content":{"rendered":"\t\t<div data-elementor-type=\"wp-page\" data-elementor-id=\"701\" class=\"elementor elementor-701\">\n\t\t\t\t\t\t<section class=\"elementor-section elementor-top-section elementor-element elementor-element-824e9b6 elementor-section-boxed elementor-section-height-default elementor-section-height-default\" data-id=\"824e9b6\" data-element_type=\"section\" data-e-type=\"section\">\n\t\t\t\t\t\t<div class=\"elementor-container elementor-column-gap-default\">\n\t\t\t\t\t<div class=\"elementor-column elementor-col-100 elementor-top-column elementor-element elementor-element-686b6e7\" data-id=\"686b6e7\" data-element_type=\"column\" data-e-type=\"column\">\n\t\t\t<div class=\"elementor-widget-wrap elementor-element-populated\">\n\t\t\t\t\t\t<div class=\"elementor-element elementor-element-91cb7a9 elementor-widget elementor-widget-image-carousel\" data-id=\"91cb7a9\" data-element_type=\"widget\" data-e-type=\"widget\" data-settings=\"{&quot;slides_to_show&quot;:&quot;1&quot;,&quot;navigation&quot;:&quot;none&quot;,&quot;effect&quot;:&quot;fade&quot;,&quot;speed&quot;:200,&quot;autoplay&quot;:&quot;yes&quot;,&quot;pause_on_hover&quot;:&quot;yes&quot;,&quot;pause_on_interaction&quot;:&quot;yes&quot;,&quot;autoplay_speed&quot;:5000,&quot;infinite&quot;:&quot;yes&quot;}\" data-widget_type=\"image-carousel.default\">\n\t\t\t\t\t\t\t<div class=\"elementor-image-carousel-wrapper swiper\" role=\"region\" aria-roledescription=\"carousel\" aria-label=\"Carrusel de im\u00e1genes\" dir=\"ltr\">\n\t\t\t<div class=\"elementor-image-carousel swiper-wrapper\" aria-live=\"off\">\n\t\t\t\t\t\t\t\t<div class=\"swiper-slide\" role=\"group\" aria-roledescription=\"slide\" aria-label=\"1 de 3\"><figure class=\"swiper-slide-inner\"><img decoding=\"async\" class=\"swiper-slide-image\" src=\"https:\/\/www.utelvt.edu.ec\/site\/wp-content\/uploads\/2022\/06\/SOCIOLOGIA-2.jpg\" alt=\"SOCIOLOGIA 2\" \/><\/figure><\/div><div class=\"swiper-slide\" role=\"group\" aria-roledescription=\"slide\" aria-label=\"2 de 3\"><figure class=\"swiper-slide-inner\"><img decoding=\"async\" class=\"swiper-slide-image\" src=\"https:\/\/www.utelvt.edu.ec\/site\/wp-content\/uploads\/2022\/06\/SOCIOLOGIA-3.jpg\" alt=\"SOCIOLOGIA 3\" \/><\/figure><\/div><div class=\"swiper-slide\" role=\"group\" aria-roledescription=\"slide\" aria-label=\"3 de 3\"><figure class=\"swiper-slide-inner\"><img decoding=\"async\" class=\"swiper-slide-image\" src=\"https:\/\/www.utelvt.edu.ec\/site\/wp-content\/uploads\/2022\/06\/SOCIOLOGIA-1.jpg\" alt=\"SOCIOLOGIA 1\" \/><\/figure><\/div>\t\t\t<\/div>\n\t\t\t\t\t\t\t\n\t\t\t\t\t\t\t\t\t<\/div>\n\t\t\t\t\t\t<\/div>\n\t\t\t\t\t<\/div>\n\t\t<\/div>\n\t\t\t\t\t<\/div>\n\t\t<\/section>\n\t\t\t\t<section class=\"elementor-section elementor-top-section elementor-element elementor-element-32f4110f elementor-section-boxed elementor-section-height-default elementor-section-height-default\" data-id=\"32f4110f\" data-element_type=\"section\" data-e-type=\"section\">\n\t\t\t\t\t\t<div class=\"elementor-container elementor-column-gap-default\">\n\t\t\t\t\t<div class=\"elementor-column elementor-col-100 elementor-top-column elementor-element elementor-element-5b7fcdd1\" data-id=\"5b7fcdd1\" data-element_type=\"column\" data-e-type=\"column\">\n\t\t\t<div class=\"elementor-widget-wrap elementor-element-populated\">\n\t\t\t\t\t\t<div class=\"elementor-element elementor-element-444e135c elementor-widget-divider--view-line elementor-invisible elementor-widget elementor-widget-divider\" data-id=\"444e135c\" data-element_type=\"widget\" data-e-type=\"widget\" data-settings=\"{&quot;_animation&quot;:&quot;fadeIn&quot;}\" data-widget_type=\"divider.default\">\n\t\t\t\t\t\t\t<div class=\"elementor-divider\">\n\t\t\t<span class=\"elementor-divider-separator\">\n\t\t\t\t\t\t<\/span>\n\t\t<\/div>\n\t\t\t\t\t\t<\/div>\n\t\t\t\t<div class=\"elementor-element elementor-element-73255ec6 elementor-widget elementor-widget-text-editor\" data-id=\"73255ec6\" data-element_type=\"widget\" data-e-type=\"widget\" data-widget_type=\"text-editor.default\">\n\t\t\t\t\t\t\t\t\t<p><strong>INFORMACI\u00d3N GENERAL:<\/strong><\/p><p><strong>NOMBRE DE LA INSTITUCI\u00d3N:<\/strong> Universidad T\u00e9cnica Luis Vargas Torres.<br \/><strong>NOMBRE DE LA FACULTAD:<\/strong> Facultad de Ciencias Sociales\u00a0y de Servicios.<br \/><strong>NOMBRE DE LA CARRERA:<\/strong> Sociolog\u00eda<br \/><strong>DENOMINACI\u00d3N DEL TITULO:<\/strong> Soci\u00f3logo<br \/><strong>N\u00daMERO Y FECHA DE LA RESOLUCION DE APROBACION DEL CONSEJO UNIVERSITARIO:<\/strong> 29 de mayo de 1980<br \/><strong>LUGAR DE FUNCIONAMIENTO DE LA CARRERA:<\/strong> Esmeraldas<\/p>\t\t\t\t\t\t\t\t<\/div>\n\t\t\t\t<div class=\"elementor-element elementor-element-617c04d6 elementor-widget-divider--view-line elementor-widget elementor-widget-divider\" data-id=\"617c04d6\" data-element_type=\"widget\" data-e-type=\"widget\" data-widget_type=\"divider.default\">\n\t\t\t\t\t\t\t<div class=\"elementor-divider\">\n\t\t\t<span class=\"elementor-divider-separator\">\n\t\t\t\t\t\t<\/span>\n\t\t<\/div>\n\t\t\t\t\t\t<\/div>\n\t\t\t\t<div class=\"elementor-element elementor-element-7a178e2d elementor-widget elementor-widget-text-editor\" data-id=\"7a178e2d\" data-element_type=\"widget\" data-e-type=\"widget\" data-widget_type=\"text-editor.default\">\n\t\t\t\t\t\t\t\t\t<p><strong>INFORMACI\u00d3N CURRICULAR:<\/strong><\/p><p><strong>MODALIDAD DE ESTUDIOS:<\/strong> Presencial<br \/><strong>TIEMPO DE DURACI\u00d3N DE LA CARRERA:<\/strong> 8 niveles semestrales<br \/><strong>NUMERO DE CR\u00c9DITOS DE LA CARRERA:<\/strong> 259 cr\u00e9ditos<br \/><strong>REQUISITOS DE GRADUACI\u00d3N:<\/strong> malla curricular, pr\u00e1cticas pre profesionales, trabajo de titulaci\u00f3n.<\/p>\t\t\t\t\t\t\t\t<\/div>\n\t\t\t\t<div class=\"elementor-element elementor-element-18654fec elementor-widget-divider--view-line elementor-widget elementor-widget-divider\" data-id=\"18654fec\" data-element_type=\"widget\" data-e-type=\"widget\" data-widget_type=\"divider.default\">\n\t\t\t\t\t\t\t<div class=\"elementor-divider\">\n\t\t\t<span class=\"elementor-divider-separator\">\n\t\t\t\t\t\t<\/span>\n\t\t<\/div>\n\t\t\t\t\t\t<\/div>\n\t\t\t\t<div class=\"elementor-element elementor-element-4368d31a elementor-widget elementor-widget-text-editor\" data-id=\"4368d31a\" data-element_type=\"widget\" data-e-type=\"widget\" data-widget_type=\"text-editor.default\">\n\t\t\t\t\t\t\t\t\t<p><strong>OBJETIVOS DE LA CARRERA:<\/strong><\/p><ul><li>Formar Profesionales capases de investigar y examinar cr\u00edticamente los aportes de la cultura emergente y los procesos de cambio social.<\/li><\/ul><p><strong>OBJETIVOS ESPEC\u00cdFICOS:<\/strong><\/p><ul><li>Preparar profesionales capases de Interpretar y explicar las estructuras y procesos de la sociedad en su relaci\u00f3n con el medio econ\u00f3mico y pol\u00edtico.<\/li><li>Que el profesional desarrolle un conjunto de conocimiento y destrezas que le permitan diagnosticar las consecuencias sociales y pol\u00edticas inherentes a la ejecuci\u00f3n de las diversas alternativas de la conducta social.<\/li><li>Brindar a la Sociedad Profesionales con capacidad de elaboraci\u00f3n de propuestas alternativas para el tratamiento de problemas sociales y pol\u00edticos.<br \/><br \/><\/li><li>Propender al an\u00e1lisis y caracterizaci\u00f3n de los elementos sociales, econ\u00f3micos, pol\u00edticos y culturales, presentes en la Constituci\u00f3n de la sociedad ecuatoriana y las tendencias del buen vivir.<\/li><li>Incorporar los componentes de la investigaci\u00f3n hist\u00f3rica del Ecuador y Am\u00e9rica Latina, al estudio y caracterizaci\u00f3n de los procesos sociales y pol\u00edticos contempor\u00e1neos.<\/li><li>Desarrollar un sistema categorial que, de cuenta de las realidades nacionales y regionales, orientando el despliegue de los supuestos te\u00f3ricos sobre un ejercicio anal\u00edtico sustentando el conocimiento de lo concreto.<\/li><li>El soci\u00f3logo se desempe\u00f1ar\u00e1 con un enfoque hol\u00edstico, en el estudio diagn\u00f3stico y problematizaci\u00f3n de escenarios sociales y pol\u00edticos.<\/li><\/ul>\t\t\t\t\t\t\t\t<\/div>\n\t\t\t\t<div class=\"elementor-element elementor-element-6b06d926 elementor-widget-divider--view-line elementor-widget elementor-widget-divider\" data-id=\"6b06d926\" data-element_type=\"widget\" data-e-type=\"widget\" data-widget_type=\"divider.default\">\n\t\t\t\t\t\t\t<div class=\"elementor-divider\">\n\t\t\t<span class=\"elementor-divider-separator\">\n\t\t\t\t\t\t<\/span>\n\t\t<\/div>\n\t\t\t\t\t\t<\/div>\n\t\t\t\t<div class=\"elementor-element elementor-element-275c4e0d elementor-widget elementor-widget-text-editor\" data-id=\"275c4e0d\" data-element_type=\"widget\" data-e-type=\"widget\" data-widget_type=\"text-editor.default\">\n\t\t\t\t\t\t\t\t\t<p><strong>PERFIL DE ENTRADA (PROFESIONAL):<\/strong><\/p><ul><li>Pueden ingresar a la carrera todos quienes hayan obtenido el t\u00edtulo de bachiller en cualquiera de las formas del bachillerato. Se requiere tener h\u00e1bitos de lectura, manejo cr\u00edtico para comprender los fen\u00f3menos de las ciencias sociales y sus particularidades.<\/li><\/ul><p><strong>PERFIL DE SALIDA (PROFESIONAL):<\/strong><\/p><ul><li>El profesional que forma la escuela de sociolog\u00eda debe propender a ser portador de las siguientes caracter\u00edsticas personales e intelectuales:<\/li><li>Altamente capacitado te\u00f3rica y t\u00e9cnicamente para resolver la problem\u00e1tica del sector definido.<\/li><li>Elevada formaci\u00f3n \u00e9tica, propia de un esp\u00edritu cr\u00edtico y comprometido con el desarrollo de la sociedad.<\/li><li>Con experticias para el trabajo interdisciplinario en la resoluci\u00f3n de la complejidad social.<\/li><li>Flexibilidad profesional para desempe\u00f1os en el sector p\u00fablico y privado, sobre la base de su solvencia en el conocimiento de la realidad nacional, regional y mundial.<\/li><li>Formulaci\u00f3n, ejecuci\u00f3n monitoreo y evaluador de proyectos sociales.<\/li><li>Manejo y protecci\u00f3n de los recursos naturales e funci\u00f3n del ambiente.<\/li><\/ul>\t\t\t\t\t\t\t\t<\/div>\n\t\t\t\t<div class=\"elementor-element elementor-element-bfcd93b elementor-widget-divider--view-line elementor-widget elementor-widget-divider\" data-id=\"bfcd93b\" data-element_type=\"widget\" data-e-type=\"widget\" data-widget_type=\"divider.default\">\n\t\t\t\t\t\t\t<div class=\"elementor-divider\">\n\t\t\t<span class=\"elementor-divider-separator\">\n\t\t\t\t\t\t<\/span>\n\t\t<\/div>\n\t\t\t\t\t\t<\/div>\n\t\t\t\t\t<\/div>\n\t\t<\/div>\n\t\t\t\t\t<\/div>\n\t\t<\/section>\n\t\t\t\t<section class=\"elementor-section elementor-top-section elementor-element elementor-element-3b9a981 elementor-section-boxed elementor-section-height-default elementor-section-height-default\" data-id=\"3b9a981\" data-element_type=\"section\" data-e-type=\"section\">\n\t\t\t\t\t\t<div class=\"elementor-container elementor-column-gap-default\">\n\t\t\t\t\t<div class=\"elementor-column elementor-col-50 elementor-top-column elementor-element elementor-element-02d10f0\" data-id=\"02d10f0\" data-element_type=\"column\" data-e-type=\"column\">\n\t\t\t<div class=\"elementor-widget-wrap elementor-element-populated\">\n\t\t\t\t\t\t<div class=\"elementor-element elementor-element-c685e18 elementor-widget elementor-widget-heading\" data-id=\"c685e18\" data-element_type=\"widget\" data-e-type=\"widget\" data-widget_type=\"heading.default\">\n\t\t\t\t\t<h2 class=\"elementor-heading-title elementor-size-medium\">DESCRIPCI\u00d3N DE LA CARRERA<\/h2>\t\t\t\t<\/div>\n\t\t\t\t\t<\/div>\n\t\t<\/div>\n\t\t\t\t<div class=\"elementor-column elementor-col-50 elementor-top-column elementor-element elementor-element-27f96e3\" data-id=\"27f96e3\" data-element_type=\"column\" data-e-type=\"column\">\n\t\t\t<div class=\"elementor-widget-wrap elementor-element-populated\">\n\t\t\t\t\t\t<div class=\"elementor-element elementor-element-6e70032 elementor-widget elementor-widget-heading\" data-id=\"6e70032\" data-element_type=\"widget\" data-e-type=\"widget\" data-widget_type=\"heading.default\">\n\t\t\t\t\t<h2 class=\"elementor-heading-title elementor-size-medium\">MAPA CURRICULAR<\/h2>\t\t\t\t<\/div>\n\t\t\t\t\t<\/div>\n\t\t<\/div>\n\t\t\t\t\t<\/div>\n\t\t<\/section>\n\t\t\t\t<section class=\"elementor-section elementor-top-section elementor-element elementor-element-a7660fe elementor-section-boxed elementor-section-height-default elementor-section-height-default\" data-id=\"a7660fe\" data-element_type=\"section\" data-e-type=\"section\">\n\t\t\t\t\t\t<div class=\"elementor-container elementor-column-gap-default\">\n\t\t\t\t\t<div class=\"elementor-column elementor-col-50 elementor-top-column elementor-element elementor-element-2274cbd\" data-id=\"2274cbd\" data-element_type=\"column\" data-e-type=\"column\">\n\t\t\t<div class=\"elementor-widget-wrap elementor-element-populated\">\n\t\t\t\t\t\t<div class=\"elementor-element elementor-element-36ecf15 elementor-view-default elementor-widget elementor-widget-icon\" data-id=\"36ecf15\" data-element_type=\"widget\" data-e-type=\"widget\" data-widget_type=\"icon.default\">\n\t\t\t\t\t\t\t<div class=\"elementor-icon-wrapper\">\n\t\t\t<a class=\"elementor-icon\" href=\"https:\/\/drive.google.com\/uc?id=1gi0evDaCsB3XIuB8KUHWtJRAa2Rbgchf&#038;export=download\">\n\t\t\t<svg xmlns=\"http:\/\/www.w3.org\/2000\/svg\" id=\"File_management\" height=\"512\" viewBox=\"0 0 64 64\" width=\"512\" data-name=\"File management\"><path d=\"m49 11a12.033 12.033 0 0 0 -2.592.288 12 12 0 0 0 -22.837.058 9.967 9.967 0 0 0 -12.571 9.654v.08a7 7 0 1 0 -1 13.92h39a12 12 0 0 0 0-24z\" fill=\"#4a80aa\"><\/path><path d=\"m48 48h-32v-31h23l9 9z\" fill=\"#ffe027\"><\/path><path d=\"m48 26h-9v-9z\" fill=\"#ffcd25\"><\/path><path d=\"m32 61-13-9h7l-3-13h18l-3 13h7z\" fill=\"#23be99\"><\/path><path d=\"m49 10a12.8 12.8 0 0 0 -1.942.148 13 13 0 0 0 -24.13.032 10.7 10.7 0 0 0 -1.928-.18 11.021 11.021 0 0 0 -10.949 10h-.051a8 8 0 0 0 0 16h5v12a1 1 0 0 0 1 1h8.282l.461 2h-5.743a1 1 0 0 0 -.569 1.822l13 9a1 1 0 0 0 1.138 0l13-9a1 1 0 0 0 -.569-1.822h-5.743l.461-2h8.282a1 1 0 0 0 1-1v-12a13 13 0 0 0 0-26zm-7.2 43-9.8 6.784-9.8-6.784h3.8a1 1 0 0 0 .975-1.225l-2.718-11.775h15.486l-2.718 11.775a1 1 0 0 0 .975 1.225zm5.2-6h-6.82l1.8-7.775a1 1 0 0 0 -.98-1.225h-18a1 1 0 0 0 -.975 1.225l1.795 7.775h-6.82v-29h21v8a1 1 0 0 0 1 1h8zm-7-27.586 5.586 5.586h-5.586zm9 14.586v-8a1 1 0 0 0 -.293-.707l-9-9a1 1 0 0 0 -.707-.293h-23a1 1 0 0 0 -1 1v17h-5a6 6 0 0 1 0-12 5.423 5.423 0 0 1 .846.068 1.054 1.054 0 0 0 .8-.268 1.088 1.088 0 0 0 .354-.8 8.956 8.956 0 0 1 11.311-8.685 1 1 0 0 0 1.211-.661 11 11 0 0 1 20.937-.054 1 1 0 0 0 1.175.664 10.567 10.567 0 0 1 2.366-.264 11 11 0 0 1 0 22z\"><\/path><path d=\"m19 20h2v2h-2z\"><\/path><path d=\"m23 20h13v2h-13z\"><\/path><path d=\"m19 24h17v2h-17z\"><\/path><path d=\"m19 28h5v2h-5z\"><\/path><path d=\"m26 28h10v2h-10z\"><\/path><path d=\"m19 32h26v2h-26z\"><\/path><\/svg>\t\t\t<\/a>\n\t\t<\/div>\n\t\t\t\t\t\t<\/div>\n\t\t\t\t\t<\/div>\n\t\t<\/div>\n\t\t\t\t<div class=\"elementor-column elementor-col-50 elementor-top-column elementor-element elementor-element-335f4f6\" data-id=\"335f4f6\" data-element_type=\"column\" data-e-type=\"column\">\n\t\t\t<div class=\"elementor-widget-wrap elementor-element-populated\">\n\t\t\t\t\t\t<div class=\"elementor-element elementor-element-833c2a2 elementor-view-default elementor-widget elementor-widget-icon\" data-id=\"833c2a2\" data-element_type=\"widget\" data-e-type=\"widget\" data-widget_type=\"icon.default\">\n\t\t\t\t\t\t\t<div class=\"elementor-icon-wrapper\">\n\t\t\t<a class=\"elementor-icon\" href=\"https:\/\/drive.google.com\/uc?id=1jcj2RT7n96MRV9edeIuhj4h4VXF11000&#038;export=download\">\n\t\t\t<svg xmlns=\"http:\/\/www.w3.org\/2000\/svg\" id=\"File_management\" height=\"512\" viewBox=\"0 0 64 64\" width=\"512\" data-name=\"File management\"><path d=\"m49 11a12.033 12.033 0 0 0 -2.592.288 12 12 0 0 0 -22.837.058 9.967 9.967 0 0 0 -12.571 9.654v.08a7 7 0 1 0 -1 13.92h39a12 12 0 0 0 0-24z\" fill=\"#4a80aa\"><\/path><path d=\"m48 48h-32v-31h23l9 9z\" fill=\"#ffe027\"><\/path><path d=\"m48 26h-9v-9z\" fill=\"#ffcd25\"><\/path><path d=\"m32 61-13-9h7l-3-13h18l-3 13h7z\" fill=\"#23be99\"><\/path><path d=\"m49 10a12.8 12.8 0 0 0 -1.942.148 13 13 0 0 0 -24.13.032 10.7 10.7 0 0 0 -1.928-.18 11.021 11.021 0 0 0 -10.949 10h-.051a8 8 0 0 0 0 16h5v12a1 1 0 0 0 1 1h8.282l.461 2h-5.743a1 1 0 0 0 -.569 1.822l13 9a1 1 0 0 0 1.138 0l13-9a1 1 0 0 0 -.569-1.822h-5.743l.461-2h8.282a1 1 0 0 0 1-1v-12a13 13 0 0 0 0-26zm-7.2 43-9.8 6.784-9.8-6.784h3.8a1 1 0 0 0 .975-1.225l-2.718-11.775h15.486l-2.718 11.775a1 1 0 0 0 .975 1.225zm5.2-6h-6.82l1.8-7.775a1 1 0 0 0 -.98-1.225h-18a1 1 0 0 0 -.975 1.225l1.795 7.775h-6.82v-29h21v8a1 1 0 0 0 1 1h8zm-7-27.586 5.586 5.586h-5.586zm9 14.586v-8a1 1 0 0 0 -.293-.707l-9-9a1 1 0 0 0 -.707-.293h-23a1 1 0 0 0 -1 1v17h-5a6 6 0 0 1 0-12 5.423 5.423 0 0 1 .846.068 1.054 1.054 0 0 0 .8-.268 1.088 1.088 0 0 0 .354-.8 8.956 8.956 0 0 1 11.311-8.685 1 1 0 0 0 1.211-.661 11 11 0 0 1 20.937-.054 1 1 0 0 0 1.175.664 10.567 10.567 0 0 1 2.366-.264 11 11 0 0 1 0 22z\"><\/path><path d=\"m19 20h2v2h-2z\"><\/path><path d=\"m23 20h13v2h-13z\"><\/path><path d=\"m19 24h17v2h-17z\"><\/path><path d=\"m19 28h5v2h-5z\"><\/path><path d=\"m26 28h10v2h-10z\"><\/path><path d=\"m19 32h26v2h-26z\"><\/path><\/svg>\t\t\t<\/a>\n\t\t<\/div>\n\t\t\t\t\t\t<\/div>\n\t\t\t\t\t<\/div>\n\t\t<\/div>\n\t\t\t\t\t<\/div>\n\t\t<\/section>\n\t\t\t\t<\/div>\n\t\t","protected":false},"excerpt":{"rendered":"<p>INFORMACI\u00d3N GENERAL: NOMBRE DE LA INSTITUCI\u00d3N: Universidad T\u00e9cnica Luis Vargas Torres.NOMBRE DE LA FACULTAD: Facultad de Ciencias Sociales\u00a0y de Servicios.NOMBRE &hellip; <\/p>\n","protected":false},"author":3,"featured_media":0,"parent":163,"menu_order":0,"comment_status":"closed","ping_status":"closed","template":"","meta":{"_eb_attr":"","_uf_show_specific_survey":0,"_uf_disable_surveys":false,"footnotes":""},"class_list":["post-701","page","type-page","status-publish","hentry","latest_post"],"aioseo_notices":[],"a3_pvc":{"activated":true,"total_views":0,"today_views":0},"_links":{"self":[{"href":"https:\/\/www.utelvt.edu.ec\/site\/wp-json\/wp\/v2\/pages\/701","targetHints":{"allow":["GET"]}}],"collection":[{"href":"https:\/\/www.utelvt.edu.ec\/site\/wp-json\/wp\/v2\/pages"}],"about":[{"href":"https:\/\/www.utelvt.edu.ec\/site\/wp-json\/wp\/v2\/types\/page"}],"author":[{"embeddable":true,"href":"https:\/\/www.utelvt.edu.ec\/site\/wp-json\/wp\/v2\/users\/3"}],"replies":[{"embeddable":true,"href":"https:\/\/www.utelvt.edu.ec\/site\/wp-json\/wp\/v2\/comments?post=701"}],"version-history":[{"count":60,"href":"https:\/\/www.utelvt.edu.ec\/site\/wp-json\/wp\/v2\/pages\/701\/revisions"}],"predecessor-version":[{"id":6366,"href":"https:\/\/www.utelvt.edu.ec\/site\/wp-json\/wp\/v2\/pages\/701\/revisions\/6366"}],"up":[{"embeddable":true,"href":"https:\/\/www.utelvt.edu.ec\/site\/wp-json\/wp\/v2\/pages\/163"}],"wp:attachment":[{"href":"https:\/\/www.utelvt.edu.ec\/site\/wp-json\/wp\/v2\/media?parent=701"}],"curies":[{"name":"wp","href":"https:\/\/api.w.org\/{rel}","templated":true}]}}