{"id":199,"date":"2020-10-08T20:12:09","date_gmt":"2020-10-08T20:12:09","guid":{"rendered":"https:\/\/www.utelvt.edu.ec\/site\/?page_id=199"},"modified":"2023-07-17T09:26:39","modified_gmt":"2023-07-17T14:26:39","slug":"pregrado","status":"publish","type":"page","link":"https:\/\/www.utelvt.edu.ec\/site\/pregrado\/","title":{"rendered":"Pregrado"},"content":{"rendered":"\t\t<div data-elementor-type=\"wp-page\" data-elementor-id=\"199\" class=\"elementor elementor-199\">\n\t\t\t\t\t\t<section class=\"elementor-section elementor-top-section elementor-element elementor-element-d201eeb elementor-section-boxed elementor-section-height-default elementor-section-height-default\" data-id=\"d201eeb\" data-element_type=\"section\" data-e-type=\"section\">\n\t\t\t\t\t\t<div class=\"elementor-container elementor-column-gap-default\">\n\t\t\t\t\t<div class=\"elementor-column elementor-col-100 elementor-top-column elementor-element elementor-element-b92b627\" data-id=\"b92b627\" data-element_type=\"column\" data-e-type=\"column\">\n\t\t\t<div class=\"elementor-widget-wrap elementor-element-populated\">\n\t\t\t\t\t\t<div class=\"elementor-element elementor-element-bd9c9ba elementor-widget elementor-widget-heading\" data-id=\"bd9c9ba\" data-element_type=\"widget\" data-e-type=\"widget\" data-widget_type=\"heading.default\">\n\t\t\t\t\t<h1 class=\"elementor-heading-title elementor-size-default\">ADMISI\u00d3N UTLVTE<\/h1>\t\t\t\t<\/div>\n\t\t\t\t<div class=\"elementor-element elementor-element-3b008e0 elementor-widget-divider--view-line elementor-widget elementor-widget-divider\" data-id=\"3b008e0\" data-element_type=\"widget\" data-e-type=\"widget\" data-widget_type=\"divider.default\">\n\t\t\t\t\t\t\t<div class=\"elementor-divider\">\n\t\t\t<span class=\"elementor-divider-separator\">\n\t\t\t\t\t\t<\/span>\n\t\t<\/div>\n\t\t\t\t\t\t<\/div>\n\t\t\t\t\t<\/div>\n\t\t<\/div>\n\t\t\t\t\t<\/div>\n\t\t<\/section>\n\t\t\t\t<section class=\"elementor-section elementor-top-section elementor-element elementor-element-d2b1fbb elementor-section-boxed elementor-section-height-default elementor-section-height-default\" data-id=\"d2b1fbb\" data-element_type=\"section\" data-e-type=\"section\">\n\t\t\t\t\t\t<div class=\"elementor-container elementor-column-gap-default\">\n\t\t\t\t\t<div class=\"elementor-column elementor-col-100 elementor-top-column elementor-element elementor-element-9adf3de\" data-id=\"9adf3de\" data-element_type=\"column\" data-e-type=\"column\">\n\t\t\t<div class=\"elementor-widget-wrap elementor-element-populated\">\n\t\t\t\t\t\t<div class=\"elementor-element elementor-element-2f709dd elementor-widget elementor-widget-image\" data-id=\"2f709dd\" data-element_type=\"widget\" data-e-type=\"widget\" data-widget_type=\"image.default\">\n\t\t\t\t\t\t\t\t\t\t\t\t\t\t\t\t<a href=\"https:\/\/youtu.be\/C9PcCkQuD58\">\n\t\t\t\t\t\t\t<img fetchpriority=\"high\" decoding=\"async\" width=\"750\" height=\"202\" src=\"https:\/\/www.utelvt.edu.ec\/site\/wp-content\/uploads\/2023\/07\/BANNER-MATRICULA--1024x276.jpg\" class=\"attachment-large size-large wp-image-8895\" alt=\"\" srcset=\"https:\/\/www.utelvt.edu.ec\/site\/wp-content\/uploads\/2023\/07\/BANNER-MATRICULA--1024x276.jpg 1024w, https:\/\/www.utelvt.edu.ec\/site\/wp-content\/uploads\/2023\/07\/BANNER-MATRICULA--300x81.jpg 300w, https:\/\/www.utelvt.edu.ec\/site\/wp-content\/uploads\/2023\/07\/BANNER-MATRICULA--768x207.jpg 768w, https:\/\/www.utelvt.edu.ec\/site\/wp-content\/uploads\/2023\/07\/BANNER-MATRICULA--1536x415.jpg 1536w, https:\/\/www.utelvt.edu.ec\/site\/wp-content\/uploads\/2023\/07\/BANNER-MATRICULA-.jpg 1600w\" sizes=\"(max-width: 750px) 100vw, 750px\" \/>\t\t\t\t\t\t\t\t<\/a>\n\t\t\t\t\t\t\t\t\t\t\t\t\t\t\t<\/div>\n\t\t\t\t<div class=\"elementor-element elementor-element-7fc09fa elementor-widget-divider--view-line elementor-widget elementor-widget-divider\" data-id=\"7fc09fa\" data-element_type=\"widget\" data-e-type=\"widget\" data-widget_type=\"divider.default\">\n\t\t\t\t\t\t\t<div class=\"elementor-divider\">\n\t\t\t<span class=\"elementor-divider-separator\">\n\t\t\t\t\t\t<\/span>\n\t\t<\/div>\n\t\t\t\t\t\t<\/div>\n\t\t\t\t<div class=\"elementor-element elementor-element-3f702d3 elementor-widget elementor-widget-accordion\" data-id=\"3f702d3\" data-element_type=\"widget\" data-e-type=\"widget\" data-widget_type=\"accordion.default\">\n\t\t\t\t\t\t\t<div class=\"elementor-accordion\">\n\t\t\t\t\t\t\t<div class=\"elementor-accordion-item\">\n\t\t\t\t\t<div id=\"elementor-tab-title-6651\" class=\"elementor-tab-title\" data-tab=\"1\" role=\"button\" aria-controls=\"elementor-tab-content-6651\" aria-expanded=\"false\">\n\t\t\t\t\t\t\t\t\t\t\t\t\t<span class=\"elementor-accordion-icon elementor-accordion-icon-left\" aria-hidden=\"true\">\n\t\t\t\t\t\t\t\t\t\t\t\t\t\t\t<span class=\"elementor-accordion-icon-closed\"><svg class=\"e-font-icon-svg e-fas-plus\" viewBox=\"0 0 448 512\" xmlns=\"http:\/\/www.w3.org\/2000\/svg\"><path d=\"M416 208H272V64c0-17.67-14.33-32-32-32h-32c-17.67 0-32 14.33-32 32v144H32c-17.67 0-32 14.33-32 32v32c0 17.67 14.33 32 32 32h144v144c0 17.67 14.33 32 32 32h32c17.67 0 32-14.33 32-32V304h144c17.67 0 32-14.33 32-32v-32c0-17.67-14.33-32-32-32z\"><\/path><\/svg><\/span>\n\t\t\t\t\t\t\t\t<span class=\"elementor-accordion-icon-opened\"><svg class=\"e-font-icon-svg e-fas-minus\" viewBox=\"0 0 448 512\" xmlns=\"http:\/\/www.w3.org\/2000\/svg\"><path d=\"M416 208H32c-17.67 0-32 14.33-32 32v32c0 17.67 14.33 32 32 32h384c17.67 0 32-14.33 32-32v-32c0-17.67-14.33-32-32-32z\"><\/path><\/svg><\/span>\n\t\t\t\t\t\t\t\t\t\t\t\t\t\t<\/span>\n\t\t\t\t\t\t\t\t\t\t\t\t<a class=\"elementor-accordion-title\" tabindex=\"0\">LISTA DE CORREOS INSTITUCIONALES ADMISI\u00d3N - NIVELACI\u00d3N 1S - 2023<\/a>\n\t\t\t\t\t<\/div>\n\t\t\t\t\t<div id=\"elementor-tab-content-6651\" class=\"elementor-tab-content elementor-clearfix\" data-tab=\"1\" role=\"region\" aria-labelledby=\"elementor-tab-title-6651\"><p><strong>Observaciones:<\/strong><\/p><ol><li>La contrase\u00f1a inicial de tu correo institucional es el n\u00famero de tu c\u00e9dula de identidad, se recomienda cambiarla luego de iniciar la sesi\u00f3n.<\/li><li>Revisar tu bandeja de entrada para constatar si tienes correos enviados desde la UTLVTE.<\/li><\/ol><p>\u00a0<\/p><p><iframe src=\"https:\/\/drive.google.com\/file\/d\/1WtSui9O65i1XUkTsZRV1SPSbiJ-YGtp0\/preview\" width=\"640\" height=\"480\"><\/iframe><\/p><p>\u00a0<\/p><\/div>\n\t\t\t\t<\/div>\n\t\t\t\t\t\t\t\t<\/div>\n\t\t\t\t\t\t<\/div>\n\t\t\t\t<div class=\"elementor-element elementor-element-c95ca7e elementor-widget-divider--view-line elementor-widget elementor-widget-divider\" data-id=\"c95ca7e\" data-element_type=\"widget\" data-e-type=\"widget\" data-widget_type=\"divider.default\">\n\t\t\t\t\t\t\t<div class=\"elementor-divider\">\n\t\t\t<span class=\"elementor-divider-separator\">\n\t\t\t\t\t\t<\/span>\n\t\t<\/div>\n\t\t\t\t\t\t<\/div>\n\t\t\t\t\t<\/div>\n\t\t<\/div>\n\t\t\t\t\t<\/div>\n\t\t<\/section>\n\t\t<div class=\"elementor-element elementor-element-1c94af8 e-flex e-con-boxed e-con e-parent\" data-id=\"1c94af8\" data-element_type=\"container\" data-e-type=\"container\">\n\t\t\t\t\t<div class=\"e-con-inner\">\n\t\t\t\t<div class=\"elementor-element elementor-element-ab9e6f1 elementor-widget elementor-widget-image\" data-id=\"ab9e6f1\" data-element_type=\"widget\" data-e-type=\"widget\" data-widget_type=\"image.default\">\n\t\t\t\t\t\t\t\t\t\t\t\t\t\t\t<img decoding=\"async\" width=\"750\" height=\"628\" src=\"https:\/\/www.utelvt.edu.ec\/site\/wp-content\/uploads\/2023\/07\/REQUISITOS-SNNA-1-1024x858.jpg\" class=\"attachment-large size-large wp-image-8914\" alt=\"\" srcset=\"https:\/\/www.utelvt.edu.ec\/site\/wp-content\/uploads\/2023\/07\/REQUISITOS-SNNA-1-1024x858.jpg 1024w, https:\/\/www.utelvt.edu.ec\/site\/wp-content\/uploads\/2023\/07\/REQUISITOS-SNNA-1-300x251.jpg 300w, https:\/\/www.utelvt.edu.ec\/site\/wp-content\/uploads\/2023\/07\/REQUISITOS-SNNA-1-768x644.jpg 768w, https:\/\/www.utelvt.edu.ec\/site\/wp-content\/uploads\/2023\/07\/REQUISITOS-SNNA-1-1536x1287.jpg 1536w, https:\/\/www.utelvt.edu.ec\/site\/wp-content\/uploads\/2023\/07\/REQUISITOS-SNNA-1-2048x1716.jpg 2048w, https:\/\/www.utelvt.edu.ec\/site\/wp-content\/uploads\/2023\/07\/REQUISITOS-SNNA-1-360x300.jpg 360w\" sizes=\"(max-width: 750px) 100vw, 750px\" \/>\t\t\t\t\t\t\t\t\t\t\t\t\t\t\t<\/div>\n\t\t\t\t\t<\/div>\n\t\t\t\t<\/div>\n\t\t\t\t<section class=\"elementor-section elementor-top-section elementor-element elementor-element-bbc05e3 elementor-section-boxed elementor-section-height-default elementor-section-height-default\" data-id=\"bbc05e3\" data-element_type=\"section\" data-e-type=\"section\">\n\t\t\t\t\t\t<div class=\"elementor-container elementor-column-gap-default\">\n\t\t\t\t\t<div class=\"elementor-column elementor-col-100 elementor-top-column elementor-element elementor-element-bfd5858\" data-id=\"bfd5858\" data-element_type=\"column\" data-e-type=\"column\">\n\t\t\t<div class=\"elementor-widget-wrap elementor-element-populated\">\n\t\t\t\t\t\t<div class=\"elementor-element elementor-element-c0866f8 elementor-widget-divider--view-line elementor-widget elementor-widget-divider\" data-id=\"c0866f8\" data-element_type=\"widget\" data-e-type=\"widget\" data-widget_type=\"divider.default\">\n\t\t\t\t\t\t\t<div class=\"elementor-divider\">\n\t\t\t<span class=\"elementor-divider-separator\">\n\t\t\t\t\t\t<\/span>\n\t\t<\/div>\n\t\t\t\t\t\t<\/div>\n\t\t\t\t<div class=\"elementor-element elementor-element-a5d5987 elementor-widget elementor-widget-text-editor\" data-id=\"a5d5987\" data-element_type=\"widget\" data-e-type=\"widget\" data-widget_type=\"text-editor.default\">\n\t\t\t\t\t\t\t\t\t<p><strong><span style=\"color: #000000;\">Misi\u00f3n.<\/span><\/strong><\/p><p><span style=\"color: #000000;\">Fortalecer los conocimientos adquiridos en el bachillerato de los aspirantes a la educaci\u00f3n superior, mediante diversas metodolog\u00edas impartidas por los docentes, para superar falencias tanto acad\u00e9micas como en valores que les permita generar una cultura de competitividad, tener igualdad de oportunidades, enfrentar los nuevos aprendizajes para tener \u00e9xitos en su carrera universitaria.<\/span><\/p><p><strong><span style=\"color: #000000;\">Visi\u00f3n.<\/span><\/strong><\/p><p><span style=\"color: #000000;\">Convertirse en la unidad protagonista generadora de cambios que motive a fomentar el desarrollo de capacidades en los estudiantes para que terminen su carrera universitaria, siendo profesionales que contribuyan con el desarrollo de la ciudad y el pa\u00eds.<\/span><\/p>\t\t\t\t\t\t\t\t<\/div>\n\t\t\t\t<div class=\"elementor-element elementor-element-e781e65 elementor-widget elementor-widget-text-editor\" data-id=\"e781e65\" data-element_type=\"widget\" data-e-type=\"widget\" data-widget_type=\"text-editor.default\">\n\t\t\t\t\t\t\t\t\t<p><strong><span style=\"color: #000000;\">Metas.<\/span><\/strong><\/p><ul><li><span style=\"color: #000000;\">Formar estudiantes capaces de ayudar a la sociedad mediante proyectos inclusivos y socioambientales.<\/span><\/li><li><span style=\"color: #000000;\">Nivelar acad\u00e9micamente los conocimientos con lo que los estudiantes ingresan al PREUNIVERSITARIO.<\/span><\/li><li><span style=\"color: #000000;\">Inculcar en los estudiantes el respeto por la diversidad de g\u00e9nero y personas con Necesidades Educativas Especiales N.E.E.<\/span><\/li><\/ul>\t\t\t\t\t\t\t\t<\/div>\n\t\t\t\t<div class=\"elementor-element elementor-element-bb022f7 elementor-widget-divider--view-line elementor-widget elementor-widget-divider\" data-id=\"bb022f7\" data-element_type=\"widget\" data-e-type=\"widget\" data-widget_type=\"divider.default\">\n\t\t\t\t\t\t\t<div class=\"elementor-divider\">\n\t\t\t<span class=\"elementor-divider-separator\">\n\t\t\t\t\t\t<\/span>\n\t\t<\/div>\n\t\t\t\t\t\t<\/div>\n\t\t\t\t\t<\/div>\n\t\t<\/div>\n\t\t\t\t\t<\/div>\n\t\t<\/section>\n\t\t\t\t<section class=\"elementor-section elementor-top-section elementor-element elementor-element-19bf7a9 elementor-section-boxed elementor-section-height-default elementor-section-height-default\" data-id=\"19bf7a9\" data-element_type=\"section\" data-e-type=\"section\">\n\t\t\t\t\t\t<div class=\"elementor-container elementor-column-gap-default\">\n\t\t\t\t\t<div class=\"elementor-column elementor-col-100 elementor-top-column elementor-element elementor-element-de091cc\" data-id=\"de091cc\" data-element_type=\"column\" data-e-type=\"column\">\n\t\t\t<div class=\"elementor-widget-wrap\">\n\t\t\t\t\t\t\t<\/div>\n\t\t<\/div>\n\t\t\t\t\t<\/div>\n\t\t<\/section>\n\t\t\t\t<section class=\"elementor-section elementor-top-section elementor-element elementor-element-59837e5 elementor-section-boxed elementor-section-height-default elementor-section-height-default\" data-id=\"59837e5\" data-element_type=\"section\" data-e-type=\"section\">\n\t\t\t\t\t\t<div class=\"elementor-container elementor-column-gap-default\">\n\t\t\t\t\t<div class=\"elementor-column elementor-col-100 elementor-top-column elementor-element elementor-element-62f021f\" data-id=\"62f021f\" data-element_type=\"column\" data-e-type=\"column\">\n\t\t\t<div class=\"elementor-widget-wrap elementor-element-populated\">\n\t\t\t\t\t\t<div class=\"elementor-element elementor-element-200cfe6 elementor-widget elementor-widget-text-editor\" data-id=\"200cfe6\" data-element_type=\"widget\" data-e-type=\"widget\" data-widget_type=\"text-editor.default\">\n\t\t\t\t\t\t\t\t\t<p><strong><span style=\"color: #000000;\">Objetivos.<\/span><\/strong><\/p><ul><li><span style=\"color: #000000;\">Nivelar los conocimientos y contenidos acad\u00e9micos b\u00e1sicos que reciben los aspirantes en el bachillerato<\/span><\/li><li><span style=\"color: #000000;\">Desarrollar en los estudiantes el h\u00e1bito de la investigaci\u00f3n para el bien de la sociedad.<\/span><\/li><li><span style=\"color: #000000;\">Fortalecer mediante distintas metodolog\u00edas los conocimientos acad\u00e9micos de los estudiantes. <\/span><\/li><li><span style=\"color: #000000;\">Incentivar al desarrollo de actividades grupales mediante inclusi\u00f3n de todo el estudiantado.<\/span><\/li><\/ul>\t\t\t\t\t\t\t\t<\/div>\n\t\t\t\t\t<\/div>\n\t\t<\/div>\n\t\t\t\t\t<\/div>\n\t\t<\/section>\n\t\t<div class=\"elementor-element elementor-element-fcb1a4f e-flex e-con-boxed e-con e-parent\" data-id=\"fcb1a4f\" data-element_type=\"container\" data-e-type=\"container\">\n\t\t\t\t\t<div class=\"e-con-inner\">\n\t\t\t\t<div class=\"elementor-element elementor-element-150e564 elementor-widget elementor-widget-heading\" data-id=\"150e564\" data-element_type=\"widget\" data-e-type=\"widget\" data-widget_type=\"heading.default\">\n\t\t\t\t\t<h3 class=\"elementor-heading-title elementor-size-default\">LISTADO DE ESTUDIANTES MATRICULADOS Y CALENDARIO ACAD\u00c9MICO 2S  - 2022<\/h3>\t\t\t\t<\/div>\n\t\t\t\t\t<\/div>\n\t\t\t\t<\/div>\n\t\t<div class=\"elementor-element elementor-element-30e1d26 e-flex e-con-boxed e-con e-parent\" data-id=\"30e1d26\" data-element_type=\"container\" data-e-type=\"container\">\n\t\t\t\t\t<div class=\"e-con-inner\">\n\t\t\t\t<div class=\"elementor-element elementor-element-0a2d1d6 elementor-widget elementor-widget-text-editor\" data-id=\"0a2d1d6\" data-element_type=\"widget\" data-e-type=\"widget\" data-widget_type=\"text-editor.default\">\n\t\t\t\t\t\t\t\t\t<ul><li><a href=\"https:\/\/drive.google.com\/file\/d\/1jrE47Xf_Sz0IayiGsIgBJv7pWOqV8FeY\/view?usp=sharing\">LISTADO DE ESTUDIANTES MATRICULADOS SEDE ESMERALDAS<\/a><\/li><li><a href=\"https:\/\/drive.google.com\/file\/d\/1GHEabG69OID77f_0Mwt2pKUaBC0KtOYp\/view?usp=sharing\">LISTADO DE ESTUDIANTES MATRICULADOS SEDE SANTO DOMINGO<\/a><\/li><li><a href=\"https:\/\/drive.google.com\/file\/d\/1tCwm0arlWjkYejX0c_jSk3pSZdB9-UWN\/view?usp=share_link\">CALENDARIO ACAD\u00c9MICO SNNA 2S-2022<\/a><\/li><\/ul>\t\t\t\t\t\t\t\t<\/div>\n\t\t\t\t\t<\/div>\n\t\t\t\t<\/div>\n\t\t\t\t<section class=\"elementor-section elementor-top-section elementor-element elementor-element-e944e55 elementor-section-boxed elementor-section-height-default elementor-section-height-default\" data-id=\"e944e55\" data-element_type=\"section\" data-e-type=\"section\">\n\t\t\t\t\t\t<div class=\"elementor-container elementor-column-gap-default\">\n\t\t\t\t\t<div class=\"elementor-column elementor-col-100 elementor-top-column elementor-element elementor-element-8d34788\" data-id=\"8d34788\" data-element_type=\"column\" data-e-type=\"column\">\n\t\t\t<div class=\"elementor-widget-wrap elementor-element-populated\">\n\t\t\t\t\t\t<div class=\"elementor-element elementor-element-9f89708 elementor-widget-divider--view-line elementor-widget elementor-widget-divider\" data-id=\"9f89708\" data-element_type=\"widget\" data-e-type=\"widget\" data-widget_type=\"divider.default\">\n\t\t\t\t\t\t\t<div class=\"elementor-divider\">\n\t\t\t<span class=\"elementor-divider-separator\">\n\t\t\t\t\t\t<\/span>\n\t\t<\/div>\n\t\t\t\t\t\t<\/div>\n\t\t\t\t<div class=\"elementor-element elementor-element-9d00324 elementor-widget elementor-widget-heading\" data-id=\"9d00324\" data-element_type=\"widget\" data-e-type=\"widget\" data-widget_type=\"heading.default\">\n\t\t\t\t\t<h3 class=\"elementor-heading-title elementor-size-default\">INFORMACI\u00d3N DE MATR\u00cdCULAS<\/h3>\t\t\t\t<\/div>\n\t\t\t\t<div class=\"elementor-element elementor-element-07d3f99 elementor-widget elementor-widget-text-editor\" data-id=\"07d3f99\" data-element_type=\"widget\" data-e-type=\"widget\" data-widget_type=\"text-editor.default\">\n\t\t\t\t\t\t\t\t\t<ul><li><a href=\"https:\/\/drive.google.com\/file\/d\/1MTVOgjnEB9MxWVY6JtD39nCnQz6mQeY9\/view?usp=sharing\">REQUISITOS DE MATR\u00cdCULA PARA NIVELACI\u00d3N<\/a><\/li><li><a href=\"https:\/\/docs.google.com\/spreadsheets\/d\/12ragIDJInuls3TO2fa55GkXv_eESSyZS\/edit?usp=sharing&amp;ouid=116590811348621633792&amp;rtpof=true&amp;sd=true\">LISTADO DE CORREOS DE ESTUDIANTES DEL PERIODO 2S-2022<\/a><\/li><li><a href=\"https:\/\/www.youtube.com\/watch?v=C9PcCkQuD58&amp;ab_channel=NayMojarrango\">VIDEO TUTORIAL DE COMO INGRESAR AL CORREO INSTITUCIONAL<\/a><\/li><li><a href=\"https:\/\/www.youtube.com\/watch?v=C9PcCkQuD58&amp;ab_channel=NayMojarrango\">VIDEO TUTORIAL DE COMO USAR CLASSROOM<\/a><\/li><li><a href=\"https:\/\/www.youtube.com\/watch?v=cZAaHFNFDE4&amp;ab_channel=HectorSaconklinger\">VIDEO TUTORIAL DEL USO DEL M\u00d3DULO SIAD<\/a><\/li><\/ul>\t\t\t\t\t\t\t\t<\/div>\n\t\t\t\t\t<\/div>\n\t\t<\/div>\n\t\t\t\t\t<\/div>\n\t\t<\/section>\n\t\t\t\t<section class=\"elementor-section elementor-top-section elementor-element elementor-element-2ee3df2 elementor-section-boxed elementor-section-height-default elementor-section-height-default\" data-id=\"2ee3df2\" data-element_type=\"section\" data-e-type=\"section\">\n\t\t\t\t\t\t<div class=\"elementor-container elementor-column-gap-default\">\n\t\t\t\t\t<div class=\"elementor-column elementor-col-100 elementor-top-column elementor-element elementor-element-c3f8af9\" data-id=\"c3f8af9\" data-element_type=\"column\" data-e-type=\"column\">\n\t\t\t<div class=\"elementor-widget-wrap elementor-element-populated\">\n\t\t\t\t\t\t<div class=\"elementor-element elementor-element-32c551e elementor-widget elementor-widget-heading\" data-id=\"32c551e\" data-element_type=\"widget\" data-e-type=\"widget\" data-widget_type=\"heading.default\">\n\t\t\t\t\t<h2 class=\"elementor-heading-title elementor-size-default\">REVISTA SEMESTRAL - EXPRESIONES EDUCATIVAS<\/h2>\t\t\t\t<\/div>\n\t\t\t\t<div class=\"elementor-element elementor-element-391a8cc elementor-widget elementor-widget-accordion\" data-id=\"391a8cc\" data-element_type=\"widget\" data-e-type=\"widget\" data-widget_type=\"accordion.default\">\n\t\t\t\t\t\t\t<div class=\"elementor-accordion\">\n\t\t\t\t\t\t\t<div class=\"elementor-accordion-item\">\n\t\t\t\t\t<div id=\"elementor-tab-title-5981\" class=\"elementor-tab-title\" data-tab=\"1\" role=\"button\" aria-controls=\"elementor-tab-content-5981\" aria-expanded=\"false\">\n\t\t\t\t\t\t\t\t\t\t\t\t\t<span class=\"elementor-accordion-icon elementor-accordion-icon-left\" aria-hidden=\"true\">\n\t\t\t\t\t\t\t\t\t\t\t\t\t\t\t<span class=\"elementor-accordion-icon-closed\"><svg class=\"e-font-icon-svg e-fas-plus\" viewBox=\"0 0 448 512\" xmlns=\"http:\/\/www.w3.org\/2000\/svg\"><path d=\"M416 208H272V64c0-17.67-14.33-32-32-32h-32c-17.67 0-32 14.33-32 32v144H32c-17.67 0-32 14.33-32 32v32c0 17.67 14.33 32 32 32h144v144c0 17.67 14.33 32 32 32h32c17.67 0 32-14.33 32-32V304h144c17.67 0 32-14.33 32-32v-32c0-17.67-14.33-32-32-32z\"><\/path><\/svg><\/span>\n\t\t\t\t\t\t\t\t<span class=\"elementor-accordion-icon-opened\"><svg class=\"e-font-icon-svg e-fas-minus\" viewBox=\"0 0 448 512\" xmlns=\"http:\/\/www.w3.org\/2000\/svg\"><path d=\"M416 208H32c-17.67 0-32 14.33-32 32v32c0 17.67 14.33 32 32 32h384c17.67 0 32-14.33 32-32v-32c0-17.67-14.33-32-32-32z\"><\/path><\/svg><\/span>\n\t\t\t\t\t\t\t\t\t\t\t\t\t\t<\/span>\n\t\t\t\t\t\t\t\t\t\t\t\t<a class=\"elementor-accordion-title\" tabindex=\"0\">Expresiones Educativas - Vol. 1<\/a>\n\t\t\t\t\t<\/div>\n\t\t\t\t\t<div id=\"elementor-tab-content-5981\" class=\"elementor-tab-content elementor-clearfix\" data-tab=\"1\" role=\"region\" aria-labelledby=\"elementor-tab-title-5981\"><iframe src=\"https:\/\/drive.google.com\/file\/d\/18uvXD1-buGYQikMIxtZQAO3HXPVUMacG\/preview\" width=\"640\" height=\"480\" allow=\"autoplay\"><\/iframe><\/div>\n\t\t\t\t<\/div>\n\t\t\t\t\t\t\t<div class=\"elementor-accordion-item\">\n\t\t\t\t\t<div id=\"elementor-tab-title-5982\" class=\"elementor-tab-title\" data-tab=\"2\" role=\"button\" aria-controls=\"elementor-tab-content-5982\" aria-expanded=\"false\">\n\t\t\t\t\t\t\t\t\t\t\t\t\t<span class=\"elementor-accordion-icon elementor-accordion-icon-left\" aria-hidden=\"true\">\n\t\t\t\t\t\t\t\t\t\t\t\t\t\t\t<span class=\"elementor-accordion-icon-closed\"><svg class=\"e-font-icon-svg e-fas-plus\" viewBox=\"0 0 448 512\" xmlns=\"http:\/\/www.w3.org\/2000\/svg\"><path d=\"M416 208H272V64c0-17.67-14.33-32-32-32h-32c-17.67 0-32 14.33-32 32v144H32c-17.67 0-32 14.33-32 32v32c0 17.67 14.33 32 32 32h144v144c0 17.67 14.33 32 32 32h32c17.67 0 32-14.33 32-32V304h144c17.67 0 32-14.33 32-32v-32c0-17.67-14.33-32-32-32z\"><\/path><\/svg><\/span>\n\t\t\t\t\t\t\t\t<span class=\"elementor-accordion-icon-opened\"><svg class=\"e-font-icon-svg e-fas-minus\" viewBox=\"0 0 448 512\" xmlns=\"http:\/\/www.w3.org\/2000\/svg\"><path d=\"M416 208H32c-17.67 0-32 14.33-32 32v32c0 17.67 14.33 32 32 32h384c17.67 0 32-14.33 32-32v-32c0-17.67-14.33-32-32-32z\"><\/path><\/svg><\/span>\n\t\t\t\t\t\t\t\t\t\t\t\t\t\t<\/span>\n\t\t\t\t\t\t\t\t\t\t\t\t<a class=\"elementor-accordion-title\" tabindex=\"0\">Expresiones Educativas - Vol. 2<\/a>\n\t\t\t\t\t<\/div>\n\t\t\t\t\t<div id=\"elementor-tab-content-5982\" class=\"elementor-tab-content elementor-clearfix\" data-tab=\"2\" role=\"region\" aria-labelledby=\"elementor-tab-title-5982\"><iframe src=\"https:\/\/drive.google.com\/file\/d\/1oNSJD4EY0CMXD9tjhhpEklHo3vEcWrmb\/preview\" width=\"640\" height=\"480\" allow=\"autoplay\"><\/iframe><\/div>\n\t\t\t\t<\/div>\n\t\t\t\t\t\t\t\t<\/div>\n\t\t\t\t\t\t<\/div>\n\t\t\t\t\t<\/div>\n\t\t<\/div>\n\t\t\t\t\t<\/div>\n\t\t<\/section>\n\t\t\t\t<\/div>\n\t\t","protected":false},"excerpt":{"rendered":"<p>ADMISI\u00d3N UTLVTE LISTA DE CORREOS INSTITUCIONALES ADMISI\u00d3N &#8211; NIVELACI\u00d3N 1S &#8211; 2023 Observaciones: La contrase\u00f1a inicial de tu correo institucional &hellip; <\/p>\n","protected":false},"author":8,"featured_media":0,"parent":0,"menu_order":0,"comment_status":"closed","ping_status":"closed","template":"","meta":{"_eb_attr":"","_uf_show_specific_survey":0,"_uf_disable_surveys":false,"footnotes":""},"class_list":["post-199","page","type-page","status-publish","hentry","latest_post"],"aioseo_notices":[],"a3_pvc":{"activated":true,"total_views":0,"today_views":0},"_links":{"self":[{"href":"https:\/\/www.utelvt.edu.ec\/site\/wp-json\/wp\/v2\/pages\/199","targetHints":{"allow":["GET"]}}],"collection":[{"href":"https:\/\/www.utelvt.edu.ec\/site\/wp-json\/wp\/v2\/pages"}],"about":[{"href":"https:\/\/www.utelvt.edu.ec\/site\/wp-json\/wp\/v2\/types\/page"}],"author":[{"embeddable":true,"href":"https:\/\/www.utelvt.edu.ec\/site\/wp-json\/wp\/v2\/users\/8"}],"replies":[{"embeddable":true,"href":"https:\/\/www.utelvt.edu.ec\/site\/wp-json\/wp\/v2\/comments?post=199"}],"version-history":[{"count":86,"href":"https:\/\/www.utelvt.edu.ec\/site\/wp-json\/wp\/v2\/pages\/199\/revisions"}],"predecessor-version":[{"id":8926,"href":"https:\/\/www.utelvt.edu.ec\/site\/wp-json\/wp\/v2\/pages\/199\/revisions\/8926"}],"wp:attachment":[{"href":"https:\/\/www.utelvt.edu.ec\/site\/wp-json\/wp\/v2\/media?parent=199"}],"curies":[{"name":"wp","href":"https:\/\/api.w.org\/{rel}","templated":true}]}}