{"id":1283,"date":"2021-03-16T15:11:31","date_gmt":"2021-03-16T15:11:31","guid":{"rendered":"https:\/\/www.utelvt.edu.ec\/site\/?page_id=1283"},"modified":"2022-06-22T16:22:16","modified_gmt":"2022-06-22T21:22:16","slug":"ingenieria-en-agronomia","status":"publish","type":"page","link":"https:\/\/www.utelvt.edu.ec\/site\/facultades\/ciencias-agropecuarias\/ingenieria-en-agronomia\/","title":{"rendered":"Agronom\u00eda"},"content":{"rendered":"\t\t<div data-elementor-type=\"wp-page\" data-elementor-id=\"1283\" class=\"elementor elementor-1283\">\n\t\t\t\t\t\t<section class=\"elementor-section elementor-top-section elementor-element elementor-element-2ca1392 elementor-section-boxed elementor-section-height-default elementor-section-height-default\" data-id=\"2ca1392\" data-element_type=\"section\" data-e-type=\"section\">\n\t\t\t\t\t\t<div class=\"elementor-container elementor-column-gap-default\">\n\t\t\t\t\t<div class=\"elementor-column elementor-col-100 elementor-top-column elementor-element elementor-element-5e924c6\" data-id=\"5e924c6\" data-element_type=\"column\" data-e-type=\"column\">\n\t\t\t<div class=\"elementor-widget-wrap elementor-element-populated\">\n\t\t\t\t\t\t<div class=\"elementor-element elementor-element-ceafd92 elementor-widget elementor-widget-image-carousel\" data-id=\"ceafd92\" data-element_type=\"widget\" data-e-type=\"widget\" data-settings=\"{&quot;slides_to_show&quot;:&quot;1&quot;,&quot;navigation&quot;:&quot;none&quot;,&quot;effect&quot;:&quot;fade&quot;,&quot;speed&quot;:200,&quot;autoplay&quot;:&quot;yes&quot;,&quot;pause_on_hover&quot;:&quot;yes&quot;,&quot;pause_on_interaction&quot;:&quot;yes&quot;,&quot;autoplay_speed&quot;:5000,&quot;infinite&quot;:&quot;yes&quot;}\" data-widget_type=\"image-carousel.default\">\n\t\t\t\t\t\t\t<div class=\"elementor-image-carousel-wrapper swiper\" role=\"region\" aria-roledescription=\"carousel\" aria-label=\"Carrusel de im\u00e1genes\" dir=\"ltr\">\n\t\t\t<div class=\"elementor-image-carousel swiper-wrapper\" aria-live=\"off\">\n\t\t\t\t\t\t\t\t<div class=\"swiper-slide\" role=\"group\" aria-roledescription=\"slide\" aria-label=\"1 de 3\"><figure class=\"swiper-slide-inner\"><img decoding=\"async\" class=\"swiper-slide-image\" src=\"https:\/\/www.utelvt.edu.ec\/site\/wp-content\/uploads\/2022\/06\/AGRONOMIA-3.jpg\" alt=\"AGRONOMIA 3\" \/><\/figure><\/div><div class=\"swiper-slide\" role=\"group\" aria-roledescription=\"slide\" aria-label=\"2 de 3\"><figure class=\"swiper-slide-inner\"><img decoding=\"async\" class=\"swiper-slide-image\" src=\"https:\/\/www.utelvt.edu.ec\/site\/wp-content\/uploads\/2022\/06\/AGRONOMIA-2.jpg\" alt=\"AGRONOMIA 2\" \/><\/figure><\/div><div class=\"swiper-slide\" role=\"group\" aria-roledescription=\"slide\" aria-label=\"3 de 3\"><figure class=\"swiper-slide-inner\"><img decoding=\"async\" class=\"swiper-slide-image\" src=\"https:\/\/www.utelvt.edu.ec\/site\/wp-content\/uploads\/2022\/06\/AGRONOMIA-1.jpg\" alt=\"AGRONOMIA 1\" \/><\/figure><\/div>\t\t\t<\/div>\n\t\t\t\t\t\t\t\n\t\t\t\t\t\t\t\t\t<\/div>\n\t\t\t\t\t\t<\/div>\n\t\t\t\t\t<\/div>\n\t\t<\/div>\n\t\t\t\t\t<\/div>\n\t\t<\/section>\n\t\t\t\t<section class=\"elementor-section elementor-top-section elementor-element elementor-element-33165870 elementor-section-boxed elementor-section-height-default elementor-section-height-default\" data-id=\"33165870\" data-element_type=\"section\" data-e-type=\"section\">\n\t\t\t\t\t\t<div class=\"elementor-container elementor-column-gap-default\">\n\t\t\t\t\t<div class=\"elementor-column elementor-col-100 elementor-top-column elementor-element elementor-element-2eacfb75\" data-id=\"2eacfb75\" data-element_type=\"column\" data-e-type=\"column\">\n\t\t\t<div class=\"elementor-widget-wrap elementor-element-populated\">\n\t\t\t\t\t\t<div class=\"elementor-element elementor-element-28a66de0 elementor-widget-divider--view-line elementor-invisible elementor-widget elementor-widget-divider\" data-id=\"28a66de0\" data-element_type=\"widget\" data-e-type=\"widget\" data-settings=\"{&quot;_animation&quot;:&quot;fadeIn&quot;}\" data-widget_type=\"divider.default\">\n\t\t\t\t\t\t\t<div class=\"elementor-divider\">\n\t\t\t<span class=\"elementor-divider-separator\">\n\t\t\t\t\t\t<\/span>\n\t\t<\/div>\n\t\t\t\t\t\t<\/div>\n\t\t\t\t<div class=\"elementor-element elementor-element-3b46258 elementor-widget elementor-widget-text-editor\" data-id=\"3b46258\" data-element_type=\"widget\" data-e-type=\"widget\" data-widget_type=\"text-editor.default\">\n\t\t\t\t\t\t\t\t\t<p><strong>INFORMACI\u00d3N GENERAL:<\/strong>\u00a0<\/p><ul><li><strong>NOMBRE DE LA INSTITUCI\u00d3N:<\/strong> Universidad T\u00e9cnica Lu\u00eds Vargas Torres de<br \/>Esmeraldas, creada mediante Ley No. 70-16 del 4 de mayo de 1970, promulgada en<br \/>Registro Oficial No. 436.\u00a0<\/li><li><strong>NOMBRE DE LA FACULTAD:<\/strong> Facultad de Ciencias Agropecuarias y Ambientales.\u00a0<\/li><li><strong>NOMBRE DE LA CARRERA:<\/strong> Ingenier\u00eda Agron\u00f3mica\u00a0<\/li><li><strong>DENOMINACI\u00d3N DEL TITULO:<\/strong> Ingeniero Agr\u00f3nomo<\/li><li><strong>N\u00daMERO Y FECHA DE LA RESOLUCI\u00d3N DE APROBACI\u00d3N DEL CONSEJO<br \/>SUPERIOR:<\/strong> 03 de enero de 1991\u00a0<\/li><li>\u00a0<strong>LUGAR DE FUNCIONAMIENTO DE LA CARRERA:<\/strong> Esmeraldas \u2013 Parroquia San<br \/>Mateo- Mutile<\/li><\/ul>\t\t\t\t\t\t\t\t<\/div>\n\t\t\t\t<div class=\"elementor-element elementor-element-41c91921 elementor-widget-divider--view-line elementor-widget elementor-widget-divider\" data-id=\"41c91921\" data-element_type=\"widget\" data-e-type=\"widget\" data-widget_type=\"divider.default\">\n\t\t\t\t\t\t\t<div class=\"elementor-divider\">\n\t\t\t<span class=\"elementor-divider-separator\">\n\t\t\t\t\t\t<\/span>\n\t\t<\/div>\n\t\t\t\t\t\t<\/div>\n\t\t\t\t<div class=\"elementor-element elementor-element-6ab2086f elementor-widget elementor-widget-text-editor\" data-id=\"6ab2086f\" data-element_type=\"widget\" data-e-type=\"widget\" data-widget_type=\"text-editor.default\">\n\t\t\t\t\t\t\t\t\t<p><strong>INFORMACI\u00d3N CURRICULAR:<\/strong><\/p><ul><li><strong>MODALIDAD DE ESTUDIOS:<\/strong> Presencial\u00a0<\/li><li><strong>TIEMPO DE DURACI\u00d3N DE LA CARRERA:<\/strong> 10 niveles semestrales\u00a0<\/li><li><strong>N\u00daMERO DE CR\u00c9DITOS DE LA CARRERA:<\/strong> 252 cr\u00e9ditos\u00a0<\/li><li><strong>REQUISITOS DE GRADUACI\u00d3N:<\/strong> Aprobaci\u00f3n de los asignaturas y pasant\u00edas contenidas en la malla curricular y presentaci\u00f3n, ejecuci\u00f3n y sustentaci\u00f3n de la tesis degrado seg\u00fan Reglamento de la Facultad.\u00a0<\/li><\/ul>\t\t\t\t\t\t\t\t<\/div>\n\t\t\t\t<div class=\"elementor-element elementor-element-45010623 elementor-widget-divider--view-line elementor-widget elementor-widget-divider\" data-id=\"45010623\" data-element_type=\"widget\" data-e-type=\"widget\" data-widget_type=\"divider.default\">\n\t\t\t\t\t\t\t<div class=\"elementor-divider\">\n\t\t\t<span class=\"elementor-divider-separator\">\n\t\t\t\t\t\t<\/span>\n\t\t<\/div>\n\t\t\t\t\t\t<\/div>\n\t\t\t\t<div class=\"elementor-element elementor-element-7c39c084 elementor-widget elementor-widget-text-editor\" data-id=\"7c39c084\" data-element_type=\"widget\" data-e-type=\"widget\" data-widget_type=\"text-editor.default\">\n\t\t\t\t\t\t\t\t\t<p><strong>OBJETIVOS DE LA CARRERA:<\/strong><\/p><ul><li>Formar profesionales en Ingenier\u00eda Agron\u00f3mica, con s\u00f3lidos conocimientos cient\u00edficos y t\u00e9cnicos, emprendedores, sociales y ambientalmente<\/li><\/ul>\t\t\t\t\t\t\t\t<\/div>\n\t\t\t\t<div class=\"elementor-element elementor-element-3f33efc6 elementor-widget-divider--view-line elementor-widget elementor-widget-divider\" data-id=\"3f33efc6\" data-element_type=\"widget\" data-e-type=\"widget\" data-widget_type=\"divider.default\">\n\t\t\t\t\t\t\t<div class=\"elementor-divider\">\n\t\t\t<span class=\"elementor-divider-separator\">\n\t\t\t\t\t\t<\/span>\n\t\t<\/div>\n\t\t\t\t\t\t<\/div>\n\t\t\t\t<div class=\"elementor-element elementor-element-608f7a5d elementor-widget elementor-widget-text-editor\" data-id=\"608f7a5d\" data-element_type=\"widget\" data-e-type=\"widget\" data-widget_type=\"text-editor.default\">\n\t\t\t\t\t\t\t\t\t<p><strong>PERFIL DE ENTRADA:<\/strong><\/p><ul><li>El aspirante deber\u00e1 ser Bachiller debidamente reconocido, aprobar el Sistema deAdmisi\u00f3n de la Universidad T\u00e9cnica \u201cLu\u00eds Vargas Torres\u201d.<\/li><li>El Ingeniero Agr\u00f3nomo es un profesional con sentido \u00e9tico, que aplica conocimientos cient\u00edficos y tecnol\u00f3gicos al proceso productivo agr\u00edcola, respetando la biodiversidad y las condiciones socio-culturales y econ\u00f3micas de los seres humanos, para satisfacer las demandas del sector productivo agr\u00edcola p\u00fablico y privado.\u00a0<\/li><\/ul><p><strong>PERFIL DE SALIDA:<\/strong><\/p><ul><li>El Ingeniero \u00a0Agr\u00f3nomo es un profesional que tiene competencias para manejar y liderar los procesos de producci\u00f3n agr\u00edcola de forma individual o interdisciplinaria, bajo principios \u00e9ticos, procurando el manejo integral, sostenible, competitivo y eficiente. Produce y divulga conocimiento como agente de cambio acordes con las relaciones agr\u00edcolas productivas nacionales e internacionales, con capacidad empresarial, directiva y aptitudes gerenciales procurando\u00a0 el\u00a0 manejo integrado en las relaciones Suelo \u2013 Agua \u2013 Planta y hombre para la preservaci\u00f3n del medio ambiente, constituy\u00e9ndose de esta manera en agente de cambio.<\/li><li>Estar\u00e1 en capacidad de identificar, analizar e interpretar las relaciones sociales que se dan en los procesos de producci\u00f3n agr\u00edcola y tendr\u00e1 capacidad de conducir procesos de investigaci\u00f3n que generen nuevos conocimientos integrando las nuevas tecnolog\u00edas para la producci\u00f3n y conservaci\u00f3n agr\u00edcola.<\/li><\/ul>\t\t\t\t\t\t\t\t<\/div>\n\t\t\t\t<div class=\"elementor-element elementor-element-a1165f7 elementor-widget-divider--view-line elementor-widget elementor-widget-divider\" data-id=\"a1165f7\" data-element_type=\"widget\" data-e-type=\"widget\" data-widget_type=\"divider.default\">\n\t\t\t\t\t\t\t<div class=\"elementor-divider\">\n\t\t\t<span class=\"elementor-divider-separator\">\n\t\t\t\t\t\t<\/span>\n\t\t<\/div>\n\t\t\t\t\t\t<\/div>\n\t\t\t\t\t<\/div>\n\t\t<\/div>\n\t\t\t\t\t<\/div>\n\t\t<\/section>\n\t\t\t\t<section class=\"elementor-section elementor-top-section elementor-element elementor-element-8a937cc elementor-section-boxed elementor-section-height-default elementor-section-height-default\" data-id=\"8a937cc\" data-element_type=\"section\" data-e-type=\"section\">\n\t\t\t\t\t\t<div class=\"elementor-container elementor-column-gap-default\">\n\t\t\t\t\t<div class=\"elementor-column elementor-col-50 elementor-top-column elementor-element elementor-element-0319285\" data-id=\"0319285\" data-element_type=\"column\" data-e-type=\"column\">\n\t\t\t<div class=\"elementor-widget-wrap elementor-element-populated\">\n\t\t\t\t\t\t<div class=\"elementor-element elementor-element-007bb8d elementor-widget elementor-widget-heading\" data-id=\"007bb8d\" data-element_type=\"widget\" data-e-type=\"widget\" data-widget_type=\"heading.default\">\n\t\t\t\t\t<h2 class=\"elementor-heading-title elementor-size-medium\">DESCRIPCI\u00d3N DE LA CARRERA<\/h2>\t\t\t\t<\/div>\n\t\t\t\t\t<\/div>\n\t\t<\/div>\n\t\t\t\t<div class=\"elementor-column elementor-col-50 elementor-top-column elementor-element elementor-element-0130071\" data-id=\"0130071\" data-element_type=\"column\" data-e-type=\"column\">\n\t\t\t<div class=\"elementor-widget-wrap elementor-element-populated\">\n\t\t\t\t\t\t<div class=\"elementor-element elementor-element-9c9572c elementor-widget elementor-widget-heading\" data-id=\"9c9572c\" data-element_type=\"widget\" data-e-type=\"widget\" data-widget_type=\"heading.default\">\n\t\t\t\t\t<h2 class=\"elementor-heading-title elementor-size-medium\">MAPA CURRICULAR<\/h2>\t\t\t\t<\/div>\n\t\t\t\t\t<\/div>\n\t\t<\/div>\n\t\t\t\t\t<\/div>\n\t\t<\/section>\n\t\t\t\t<section class=\"elementor-section elementor-top-section elementor-element elementor-element-27afc68 elementor-section-boxed elementor-section-height-default elementor-section-height-default\" data-id=\"27afc68\" data-element_type=\"section\" data-e-type=\"section\">\n\t\t\t\t\t\t<div class=\"elementor-container elementor-column-gap-default\">\n\t\t\t\t\t<div class=\"elementor-column elementor-col-50 elementor-top-column elementor-element elementor-element-427757f\" data-id=\"427757f\" data-element_type=\"column\" data-e-type=\"column\">\n\t\t\t<div class=\"elementor-widget-wrap elementor-element-populated\">\n\t\t\t\t\t\t<div class=\"elementor-element elementor-element-ce06c28 elementor-view-default elementor-widget elementor-widget-icon\" data-id=\"ce06c28\" data-element_type=\"widget\" data-e-type=\"widget\" data-widget_type=\"icon.default\">\n\t\t\t\t\t\t\t<div class=\"elementor-icon-wrapper\">\n\t\t\t<a class=\"elementor-icon\" href=\"https:\/\/drive.google.com\/uc?id=1RKW-WLqI0_-skKSkdW2LjB9o-S_nqiqS&#038;export=download\">\n\t\t\t<svg xmlns=\"http:\/\/www.w3.org\/2000\/svg\" id=\"File_management\" height=\"512\" viewBox=\"0 0 64 64\" width=\"512\" data-name=\"File management\"><path d=\"m49 11a12.033 12.033 0 0 0 -2.592.288 12 12 0 0 0 -22.837.058 9.967 9.967 0 0 0 -12.571 9.654v.08a7 7 0 1 0 -1 13.92h39a12 12 0 0 0 0-24z\" fill=\"#4a80aa\"><\/path><path d=\"m48 48h-32v-31h23l9 9z\" fill=\"#ffe027\"><\/path><path d=\"m48 26h-9v-9z\" fill=\"#ffcd25\"><\/path><path d=\"m32 61-13-9h7l-3-13h18l-3 13h7z\" fill=\"#23be99\"><\/path><path d=\"m49 10a12.8 12.8 0 0 0 -1.942.148 13 13 0 0 0 -24.13.032 10.7 10.7 0 0 0 -1.928-.18 11.021 11.021 0 0 0 -10.949 10h-.051a8 8 0 0 0 0 16h5v12a1 1 0 0 0 1 1h8.282l.461 2h-5.743a1 1 0 0 0 -.569 1.822l13 9a1 1 0 0 0 1.138 0l13-9a1 1 0 0 0 -.569-1.822h-5.743l.461-2h8.282a1 1 0 0 0 1-1v-12a13 13 0 0 0 0-26zm-7.2 43-9.8 6.784-9.8-6.784h3.8a1 1 0 0 0 .975-1.225l-2.718-11.775h15.486l-2.718 11.775a1 1 0 0 0 .975 1.225zm5.2-6h-6.82l1.8-7.775a1 1 0 0 0 -.98-1.225h-18a1 1 0 0 0 -.975 1.225l1.795 7.775h-6.82v-29h21v8a1 1 0 0 0 1 1h8zm-7-27.586 5.586 5.586h-5.586zm9 14.586v-8a1 1 0 0 0 -.293-.707l-9-9a1 1 0 0 0 -.707-.293h-23a1 1 0 0 0 -1 1v17h-5a6 6 0 0 1 0-12 5.423 5.423 0 0 1 .846.068 1.054 1.054 0 0 0 .8-.268 1.088 1.088 0 0 0 .354-.8 8.956 8.956 0 0 1 11.311-8.685 1 1 0 0 0 1.211-.661 11 11 0 0 1 20.937-.054 1 1 0 0 0 1.175.664 10.567 10.567 0 0 1 2.366-.264 11 11 0 0 1 0 22z\"><\/path><path d=\"m19 20h2v2h-2z\"><\/path><path d=\"m23 20h13v2h-13z\"><\/path><path d=\"m19 24h17v2h-17z\"><\/path><path d=\"m19 28h5v2h-5z\"><\/path><path d=\"m26 28h10v2h-10z\"><\/path><path d=\"m19 32h26v2h-26z\"><\/path><\/svg>\t\t\t<\/a>\n\t\t<\/div>\n\t\t\t\t\t\t<\/div>\n\t\t\t\t\t<\/div>\n\t\t<\/div>\n\t\t\t\t<div class=\"elementor-column elementor-col-50 elementor-top-column elementor-element elementor-element-4ef90c5\" data-id=\"4ef90c5\" data-element_type=\"column\" data-e-type=\"column\">\n\t\t\t<div class=\"elementor-widget-wrap elementor-element-populated\">\n\t\t\t\t\t\t<div class=\"elementor-element elementor-element-a62c81f elementor-view-default elementor-widget elementor-widget-icon\" data-id=\"a62c81f\" data-element_type=\"widget\" data-e-type=\"widget\" data-widget_type=\"icon.default\">\n\t\t\t\t\t\t\t<div class=\"elementor-icon-wrapper\">\n\t\t\t<a class=\"elementor-icon\" href=\"https:\/\/drive.google.com\/uc?id=13BbxVnSxwrFcp1hrTaT4aODZftSNGaNq&#038;export=download\">\n\t\t\t<svg xmlns=\"http:\/\/www.w3.org\/2000\/svg\" id=\"File_management\" height=\"512\" viewBox=\"0 0 64 64\" width=\"512\" data-name=\"File management\"><path d=\"m49 11a12.033 12.033 0 0 0 -2.592.288 12 12 0 0 0 -22.837.058 9.967 9.967 0 0 0 -12.571 9.654v.08a7 7 0 1 0 -1 13.92h39a12 12 0 0 0 0-24z\" fill=\"#4a80aa\"><\/path><path d=\"m48 48h-32v-31h23l9 9z\" fill=\"#ffe027\"><\/path><path d=\"m48 26h-9v-9z\" fill=\"#ffcd25\"><\/path><path d=\"m32 61-13-9h7l-3-13h18l-3 13h7z\" fill=\"#23be99\"><\/path><path d=\"m49 10a12.8 12.8 0 0 0 -1.942.148 13 13 0 0 0 -24.13.032 10.7 10.7 0 0 0 -1.928-.18 11.021 11.021 0 0 0 -10.949 10h-.051a8 8 0 0 0 0 16h5v12a1 1 0 0 0 1 1h8.282l.461 2h-5.743a1 1 0 0 0 -.569 1.822l13 9a1 1 0 0 0 1.138 0l13-9a1 1 0 0 0 -.569-1.822h-5.743l.461-2h8.282a1 1 0 0 0 1-1v-12a13 13 0 0 0 0-26zm-7.2 43-9.8 6.784-9.8-6.784h3.8a1 1 0 0 0 .975-1.225l-2.718-11.775h15.486l-2.718 11.775a1 1 0 0 0 .975 1.225zm5.2-6h-6.82l1.8-7.775a1 1 0 0 0 -.98-1.225h-18a1 1 0 0 0 -.975 1.225l1.795 7.775h-6.82v-29h21v8a1 1 0 0 0 1 1h8zm-7-27.586 5.586 5.586h-5.586zm9 14.586v-8a1 1 0 0 0 -.293-.707l-9-9a1 1 0 0 0 -.707-.293h-23a1 1 0 0 0 -1 1v17h-5a6 6 0 0 1 0-12 5.423 5.423 0 0 1 .846.068 1.054 1.054 0 0 0 .8-.268 1.088 1.088 0 0 0 .354-.8 8.956 8.956 0 0 1 11.311-8.685 1 1 0 0 0 1.211-.661 11 11 0 0 1 20.937-.054 1 1 0 0 0 1.175.664 10.567 10.567 0 0 1 2.366-.264 11 11 0 0 1 0 22z\"><\/path><path d=\"m19 20h2v2h-2z\"><\/path><path d=\"m23 20h13v2h-13z\"><\/path><path d=\"m19 24h17v2h-17z\"><\/path><path d=\"m19 28h5v2h-5z\"><\/path><path d=\"m26 28h10v2h-10z\"><\/path><path d=\"m19 32h26v2h-26z\"><\/path><\/svg>\t\t\t<\/a>\n\t\t<\/div>\n\t\t\t\t\t\t<\/div>\n\t\t\t\t\t<\/div>\n\t\t<\/div>\n\t\t\t\t\t<\/div>\n\t\t<\/section>\n\t\t\t\t<\/div>\n\t\t","protected":false},"excerpt":{"rendered":"<p>INFORMACI\u00d3N GENERAL:\u00a0 NOMBRE DE LA INSTITUCI\u00d3N: Universidad T\u00e9cnica Lu\u00eds Vargas Torres deEsmeraldas, creada mediante Ley No. 70-16 del 4 de &hellip; <\/p>\n","protected":false},"author":3,"featured_media":0,"parent":167,"menu_order":0,"comment_status":"closed","ping_status":"closed","template":"","meta":{"_eb_attr":"","_uf_show_specific_survey":0,"_uf_disable_surveys":false,"footnotes":""},"class_list":["post-1283","page","type-page","status-publish","hentry","latest_post"],"aioseo_notices":[],"a3_pvc":{"activated":true,"total_views":0,"today_views":0},"_links":{"self":[{"href":"https:\/\/www.utelvt.edu.ec\/site\/wp-json\/wp\/v2\/pages\/1283","targetHints":{"allow":["GET"]}}],"collection":[{"href":"https:\/\/www.utelvt.edu.ec\/site\/wp-json\/wp\/v2\/pages"}],"about":[{"href":"https:\/\/www.utelvt.edu.ec\/site\/wp-json\/wp\/v2\/types\/page"}],"author":[{"embeddable":true,"href":"https:\/\/www.utelvt.edu.ec\/site\/wp-json\/wp\/v2\/users\/3"}],"replies":[{"embeddable":true,"href":"https:\/\/www.utelvt.edu.ec\/site\/wp-json\/wp\/v2\/comments?post=1283"}],"version-history":[{"count":46,"href":"https:\/\/www.utelvt.edu.ec\/site\/wp-json\/wp\/v2\/pages\/1283\/revisions"}],"predecessor-version":[{"id":6416,"href":"https:\/\/www.utelvt.edu.ec\/site\/wp-json\/wp\/v2\/pages\/1283\/revisions\/6416"}],"up":[{"embeddable":true,"href":"https:\/\/www.utelvt.edu.ec\/site\/wp-json\/wp\/v2\/pages\/167"}],"wp:attachment":[{"href":"https:\/\/www.utelvt.edu.ec\/site\/wp-json\/wp\/v2\/media?parent=1283"}],"curies":[{"name":"wp","href":"https:\/\/api.w.org\/{rel}","templated":true}]}}