{"id":11404,"date":"2024-08-19T16:13:05","date_gmt":"2024-08-19T21:13:05","guid":{"rendered":"https:\/\/www.utelvt.edu.ec\/site\/?page_id=11404"},"modified":"2024-08-20T14:10:57","modified_gmt":"2024-08-20T19:10:57","slug":"curriculum-vitae-normalizado-de-la-utlvte","status":"publish","type":"page","link":"https:\/\/www.utelvt.edu.ec\/site\/curriculum-vitae-normalizado-de-la-utlvte\/","title":{"rendered":"CURRICULUM VITAE NORMALIZADO DE LA UTLVTE"},"content":{"rendered":"\t\t<div data-elementor-type=\"wp-page\" data-elementor-id=\"11404\" class=\"elementor elementor-11404\">\n\t\t\t\t<div class=\"elementor-element elementor-element-cb68855 e-flex e-con-boxed e-con e-parent\" data-id=\"cb68855\" data-element_type=\"container\" data-e-type=\"container\">\n\t\t\t\t\t<div class=\"e-con-inner\">\n\t\t\t\t<div class=\"elementor-element elementor-element-edffb73 elementor-widget elementor-widget-image\" data-id=\"edffb73\" data-element_type=\"widget\" data-e-type=\"widget\" data-widget_type=\"image.default\">\n\t\t\t\t\t\t\t\t\t\t\t\t\t\t\t<img fetchpriority=\"high\" decoding=\"async\" width=\"300\" height=\"300\" src=\"https:\/\/www.utelvt.edu.ec\/site\/wp-content\/uploads\/2024\/08\/imagen-cvn-300x300.png\" class=\"attachment-medium size-medium wp-image-11413\" alt=\"\" srcset=\"https:\/\/www.utelvt.edu.ec\/site\/wp-content\/uploads\/2024\/08\/imagen-cvn-300x300.png 300w, https:\/\/www.utelvt.edu.ec\/site\/wp-content\/uploads\/2024\/08\/imagen-cvn-1024x1024.png 1024w, https:\/\/www.utelvt.edu.ec\/site\/wp-content\/uploads\/2024\/08\/imagen-cvn-150x150.png 150w, https:\/\/www.utelvt.edu.ec\/site\/wp-content\/uploads\/2024\/08\/imagen-cvn-768x768.png 768w, https:\/\/www.utelvt.edu.ec\/site\/wp-content\/uploads\/2024\/08\/imagen-cvn-246x246.png 246w, https:\/\/www.utelvt.edu.ec\/site\/wp-content\/uploads\/2024\/08\/imagen-cvn-275x275.png 275w, https:\/\/www.utelvt.edu.ec\/site\/wp-content\/uploads\/2024\/08\/imagen-cvn-70x70.png 70w, https:\/\/www.utelvt.edu.ec\/site\/wp-content\/uploads\/2024\/08\/imagen-cvn-276x276.png 276w, https:\/\/www.utelvt.edu.ec\/site\/wp-content\/uploads\/2024\/08\/imagen-cvn-125x125.png 125w, https:\/\/www.utelvt.edu.ec\/site\/wp-content\/uploads\/2024\/08\/imagen-cvn-211x211.png 211w, https:\/\/www.utelvt.edu.ec\/site\/wp-content\/uploads\/2024\/08\/imagen-cvn.png 1200w\" sizes=\"(max-width: 300px) 100vw, 300px\" \/>\t\t\t\t\t\t\t\t\t\t\t\t\t\t\t<\/div>\n\t\t\t\t<div class=\"elementor-element elementor-element-f7d6b7e elementor-widget elementor-widget-image\" data-id=\"f7d6b7e\" data-element_type=\"widget\" data-e-type=\"widget\" data-widget_type=\"image.default\">\n\t\t\t\t\t\t\t\t\t\t\t\t\t\t\t<img decoding=\"async\" width=\"1800\" height=\"165\" src=\"https:\/\/www.utelvt.edu.ec\/site\/wp-content\/uploads\/2024\/08\/barra-curriculum.png\" class=\"attachment-full size-full wp-image-11406\" alt=\"\" srcset=\"https:\/\/www.utelvt.edu.ec\/site\/wp-content\/uploads\/2024\/08\/barra-curriculum.png 1800w, https:\/\/www.utelvt.edu.ec\/site\/wp-content\/uploads\/2024\/08\/barra-curriculum-300x28.png 300w, https:\/\/www.utelvt.edu.ec\/site\/wp-content\/uploads\/2024\/08\/barra-curriculum-1024x94.png 1024w, https:\/\/www.utelvt.edu.ec\/site\/wp-content\/uploads\/2024\/08\/barra-curriculum-768x70.png 768w, https:\/\/www.utelvt.edu.ec\/site\/wp-content\/uploads\/2024\/08\/barra-curriculum-1536x141.png 1536w\" sizes=\"(max-width: 1800px) 100vw, 1800px\" \/>\t\t\t\t\t\t\t\t\t\t\t\t\t\t\t<\/div>\n\t\t\t\t\t<\/div>\n\t\t\t\t<\/div>\n\t\t<div class=\"elementor-element elementor-element-fc7a17a e-flex e-con-boxed e-con e-parent\" data-id=\"fc7a17a\" data-element_type=\"container\" data-e-type=\"container\">\n\t\t\t\t\t<div class=\"e-con-inner\">\n\t\t\t\t<div class=\"elementor-element elementor-element-a0efbf9 elementor-widget elementor-widget-text-editor\" data-id=\"a0efbf9\" data-element_type=\"widget\" data-e-type=\"widget\" data-widget_type=\"text-editor.default\">\n\t\t\t\t\t\t\t\t\t<p style=\"text-align: justify;\">El Curriculum Vitae Normalizado (CVN) es una iniciativa de Bienestar Universitario, que se propone generar sentido de pertenencia de toda la comunidad de la Universidad T\u00e9cnica \u201cLuis Vargas Torres\u201d de Esmeraldas.<\/p><p style=\"text-align: justify;\">El CVN contribuye al perfil de egreso del estudiantado, as\u00ed como a su seguimiento a la par que mejora la imagen de marca de la UTLVTE.<\/p><p style=\"text-align: justify;\">Que cada integrante de la comunidad universitaria cuente con un CVN permitir\u00e1 lo siguiente:<\/p><ul><li style=\"text-align: justify;\">Estandarizar informaci\u00f3n: Un curr\u00edculum \u00fanico garantiza que la comunidad universitaria proporcione la misma informaci\u00f3n b\u00e1sica y esencial, lo que facilita la revisi\u00f3n y la comparaci\u00f3n de perfiles.<\/li><li style=\"text-align: justify;\">Simplificar el proceso de selecci\u00f3n: Las\/os empleadores\/as y otros\/as interesados\/as pueden encontrar y evaluar de manera m\u00e1s eficiente a los\/as candidatos\/as cuando la informaci\u00f3n est\u00e1 presentada de manera uniforme.<\/li><li style=\"text-align: justify;\">Fomentar la transparencia: Un CVN puede ayudar la comunidad universitaria a ser m\u00e1s transparente en cuanto a sus logros acad\u00e9micos y experiencias, reduciendo la posibilidad de actos no \u00e9ticos.<\/li><li style=\"text-align: justify;\">Facilitar la toma de decisiones: la comunidad universitaria puede recibir orientaci\u00f3n m\u00e1s efectiva de asesores\/as acad\u00e9micos\/as y profesionales cuando se basan en un modelo estandarizado.<\/li><li style=\"text-align: justify;\">Fortalecer la identidad institucional: el CVN busca generar compromiso de cada uno de los y las integrantes de la comunidad universitaria vargastorrina.<\/li><\/ul>\t\t\t\t\t\t\t\t<\/div>\n\t\t\t\t\t<\/div>\n\t\t\t\t<\/div>\n\t\t<div class=\"elementor-element elementor-element-3f071b4 e-flex e-con-boxed e-con e-parent\" data-id=\"3f071b4\" data-element_type=\"container\" data-e-type=\"container\">\n\t\t\t\t\t<div class=\"e-con-inner\">\n\t\t\t\t<div class=\"elementor-element elementor-element-345aafa elementor-widget elementor-widget-image\" data-id=\"345aafa\" data-element_type=\"widget\" data-e-type=\"widget\" data-widget_type=\"image.default\">\n\t\t\t\t\t\t\t\t\t\t\t\t\t\t\t\t<a href=\"http:\/\/192.168.7.198\/\">\n\t\t\t\t\t\t\t<img decoding=\"async\" width=\"300\" height=\"300\" src=\"https:\/\/www.utelvt.edu.ec\/site\/wp-content\/uploads\/2024\/08\/boton-cv-300x300.png\" class=\"attachment-medium size-medium wp-image-11414\" alt=\"\" srcset=\"https:\/\/www.utelvt.edu.ec\/site\/wp-content\/uploads\/2024\/08\/boton-cv-300x300.png 300w, https:\/\/www.utelvt.edu.ec\/site\/wp-content\/uploads\/2024\/08\/boton-cv-1024x1024.png 1024w, https:\/\/www.utelvt.edu.ec\/site\/wp-content\/uploads\/2024\/08\/boton-cv-150x150.png 150w, https:\/\/www.utelvt.edu.ec\/site\/wp-content\/uploads\/2024\/08\/boton-cv-768x768.png 768w, https:\/\/www.utelvt.edu.ec\/site\/wp-content\/uploads\/2024\/08\/boton-cv-246x246.png 246w, https:\/\/www.utelvt.edu.ec\/site\/wp-content\/uploads\/2024\/08\/boton-cv-275x275.png 275w, https:\/\/www.utelvt.edu.ec\/site\/wp-content\/uploads\/2024\/08\/boton-cv-70x70.png 70w, https:\/\/www.utelvt.edu.ec\/site\/wp-content\/uploads\/2024\/08\/boton-cv-276x276.png 276w, https:\/\/www.utelvt.edu.ec\/site\/wp-content\/uploads\/2024\/08\/boton-cv-125x125.png 125w, https:\/\/www.utelvt.edu.ec\/site\/wp-content\/uploads\/2024\/08\/boton-cv-211x211.png 211w, https:\/\/www.utelvt.edu.ec\/site\/wp-content\/uploads\/2024\/08\/boton-cv.png 1200w\" sizes=\"(max-width: 300px) 100vw, 300px\" \/>\t\t\t\t\t\t\t\t<\/a>\n\t\t\t\t\t\t\t\t\t\t\t\t\t\t\t<\/div>\n\t\t\t\t\t<\/div>\n\t\t\t\t<\/div>\n\t\t\t\t<\/div>\n\t\t","protected":false},"excerpt":{"rendered":"<p>El Curriculum Vitae Normalizado (CVN) es una iniciativa de Bienestar Universitario, que se propone generar sentido de pertenencia de toda &hellip; <\/p>\n","protected":false},"author":3,"featured_media":0,"parent":0,"menu_order":0,"comment_status":"closed","ping_status":"closed","template":"","meta":{"_eb_attr":"","_uf_show_specific_survey":0,"_uf_disable_surveys":false,"footnotes":""},"class_list":["post-11404","page","type-page","status-publish","hentry","latest_post"],"aioseo_notices":[],"a3_pvc":{"activated":true,"total_views":0,"today_views":0},"_links":{"self":[{"href":"https:\/\/www.utelvt.edu.ec\/site\/wp-json\/wp\/v2\/pages\/11404","targetHints":{"allow":["GET"]}}],"collection":[{"href":"https:\/\/www.utelvt.edu.ec\/site\/wp-json\/wp\/v2\/pages"}],"about":[{"href":"https:\/\/www.utelvt.edu.ec\/site\/wp-json\/wp\/v2\/types\/page"}],"author":[{"embeddable":true,"href":"https:\/\/www.utelvt.edu.ec\/site\/wp-json\/wp\/v2\/users\/3"}],"replies":[{"embeddable":true,"href":"https:\/\/www.utelvt.edu.ec\/site\/wp-json\/wp\/v2\/comments?post=11404"}],"version-history":[{"count":13,"href":"https:\/\/www.utelvt.edu.ec\/site\/wp-json\/wp\/v2\/pages\/11404\/revisions"}],"predecessor-version":[{"id":11434,"href":"https:\/\/www.utelvt.edu.ec\/site\/wp-json\/wp\/v2\/pages\/11404\/revisions\/11434"}],"wp:attachment":[{"href":"https:\/\/www.utelvt.edu.ec\/site\/wp-json\/wp\/v2\/media?parent=11404"}],"curies":[{"name":"wp","href":"https:\/\/api.w.org\/{rel}","templated":true}]}}