{"id":1093,"date":"2021-03-15T16:11:07","date_gmt":"2021-03-15T16:11:07","guid":{"rendered":"https:\/\/www.utelvt.edu.ec\/site\/?page_id=1093"},"modified":"2023-11-16T12:33:14","modified_gmt":"2023-11-16T17:33:14","slug":"ingenieria-quimica","status":"publish","type":"page","link":"https:\/\/www.utelvt.edu.ec\/site\/facultades\/facultad-de-ingenierias\/ingenieria-quimica\/","title":{"rendered":"Ingenier\u00eda Qu\u00edmica"},"content":{"rendered":"\t\t<div data-elementor-type=\"wp-page\" data-elementor-id=\"1093\" class=\"elementor elementor-1093\">\n\t\t\t\t\t\t<section class=\"elementor-section elementor-top-section elementor-element elementor-element-9af261a elementor-section-boxed elementor-section-height-default elementor-section-height-default\" data-id=\"9af261a\" data-element_type=\"section\" data-e-type=\"section\">\n\t\t\t\t\t\t<div class=\"elementor-container elementor-column-gap-default\">\n\t\t\t\t\t<div class=\"elementor-column elementor-col-100 elementor-top-column elementor-element elementor-element-26bff77\" data-id=\"26bff77\" data-element_type=\"column\" data-e-type=\"column\">\n\t\t\t<div class=\"elementor-widget-wrap elementor-element-populated\">\n\t\t\t\t\t\t<div class=\"elementor-element elementor-element-d8c8645 elementor-widget elementor-widget-image-carousel\" data-id=\"d8c8645\" data-element_type=\"widget\" data-e-type=\"widget\" data-settings=\"{&quot;slides_to_show&quot;:&quot;1&quot;,&quot;navigation&quot;:&quot;none&quot;,&quot;autoplay_speed&quot;:3000,&quot;effect&quot;:&quot;fade&quot;,&quot;speed&quot;:600,&quot;autoplay&quot;:&quot;yes&quot;,&quot;pause_on_hover&quot;:&quot;yes&quot;,&quot;pause_on_interaction&quot;:&quot;yes&quot;,&quot;infinite&quot;:&quot;yes&quot;}\" data-widget_type=\"image-carousel.default\">\n\t\t\t\t\t\t\t<div class=\"elementor-image-carousel-wrapper swiper\" role=\"region\" aria-roledescription=\"carousel\" aria-label=\"Carrusel de im\u00e1genes\" dir=\"ltr\">\n\t\t\t<div class=\"elementor-image-carousel swiper-wrapper\" aria-live=\"off\">\n\t\t\t\t\t\t\t\t<div class=\"swiper-slide\" role=\"group\" aria-roledescription=\"slide\" aria-label=\"1 de 4\"><figure class=\"swiper-slide-inner\"><img decoding=\"async\" class=\"swiper-slide-image\" src=\"https:\/\/www.utelvt.edu.ec\/site\/wp-content\/uploads\/2022\/01\/QUIMICA-4.jpg\" alt=\"QUIMICA 4\" \/><\/figure><\/div><div class=\"swiper-slide\" role=\"group\" aria-roledescription=\"slide\" aria-label=\"2 de 4\"><figure class=\"swiper-slide-inner\"><img decoding=\"async\" class=\"swiper-slide-image\" src=\"https:\/\/www.utelvt.edu.ec\/site\/wp-content\/uploads\/2022\/01\/QUIMICA-3.jpg\" alt=\"QUIMICA 3\" \/><\/figure><\/div><div class=\"swiper-slide\" role=\"group\" aria-roledescription=\"slide\" aria-label=\"3 de 4\"><figure class=\"swiper-slide-inner\"><img decoding=\"async\" class=\"swiper-slide-image\" src=\"https:\/\/www.utelvt.edu.ec\/site\/wp-content\/uploads\/2022\/01\/QUIMICA-2.jpg\" alt=\"QUIMICA 2\" \/><\/figure><\/div><div class=\"swiper-slide\" role=\"group\" aria-roledescription=\"slide\" aria-label=\"4 de 4\"><figure class=\"swiper-slide-inner\"><img decoding=\"async\" class=\"swiper-slide-image\" src=\"https:\/\/www.utelvt.edu.ec\/site\/wp-content\/uploads\/2022\/01\/QUIMICA-1.jpg\" alt=\"QUIMICA 1\" \/><\/figure><\/div>\t\t\t<\/div>\n\t\t\t\t\t\t\t\n\t\t\t\t\t\t\t\t\t<\/div>\n\t\t\t\t\t\t<\/div>\n\t\t\t\t\t<\/div>\n\t\t<\/div>\n\t\t\t\t\t<\/div>\n\t\t<\/section>\n\t\t\t\t<section class=\"elementor-section elementor-top-section elementor-element elementor-element-2501248b elementor-section-boxed elementor-section-height-default elementor-section-height-default\" data-id=\"2501248b\" data-element_type=\"section\" data-e-type=\"section\">\n\t\t\t\t\t\t<div class=\"elementor-container elementor-column-gap-default\">\n\t\t\t\t\t<div class=\"elementor-column elementor-col-100 elementor-top-column elementor-element elementor-element-2f598257\" data-id=\"2f598257\" data-element_type=\"column\" data-e-type=\"column\">\n\t\t\t<div class=\"elementor-widget-wrap elementor-element-populated\">\n\t\t\t\t\t\t<div class=\"elementor-element elementor-element-740ae6c6 elementor-widget-divider--view-line elementor-invisible elementor-widget elementor-widget-divider\" data-id=\"740ae6c6\" data-element_type=\"widget\" data-e-type=\"widget\" data-settings=\"{&quot;_animation&quot;:&quot;fadeIn&quot;}\" data-widget_type=\"divider.default\">\n\t\t\t\t\t\t\t<div class=\"elementor-divider\">\n\t\t\t<span class=\"elementor-divider-separator\">\n\t\t\t\t\t\t<\/span>\n\t\t<\/div>\n\t\t\t\t\t\t<\/div>\n\t\t\t\t<div class=\"elementor-element elementor-element-582ea390 elementor-widget elementor-widget-text-editor\" data-id=\"582ea390\" data-element_type=\"widget\" data-e-type=\"widget\" data-widget_type=\"text-editor.default\">\n\t\t\t\t\t\t\t\t\t<p><strong>INFORMACI\u00d3N GENERAL:\u00a0<\/strong><\/p><p><strong>NOMBRE DE LA INSTITUCION:<\/strong> Universidad T\u00e9cnica Luis Vargas Torres de Esmeraldas.<br \/><strong>NOMBRE DE LA FACULTAD:<\/strong> Facultad de Ingenier\u00edas<br \/><strong>NOMBRE DE LA CARRERA:<\/strong> Ingenier\u00eda Qu\u00edmica<br \/><strong>DENOMINACI\u00d3N DEL TITULO:<\/strong> Ingeniero Qu\u00edmico<br \/><strong>N\u00daMERO Y FECHA DE LA RESOLUCION DE APROBACION DEL CONSEJO SUPERIOR:<\/strong> 19\/02\/2004<br \/><strong>LUGAR DE FUNCIONAMIENTO DE LA CARRERA:<\/strong> Esmeraldas<\/p>\t\t\t\t\t\t\t\t<\/div>\n\t\t\t\t<div class=\"elementor-element elementor-element-2ad65e8e elementor-widget-divider--view-line elementor-widget elementor-widget-divider\" data-id=\"2ad65e8e\" data-element_type=\"widget\" data-e-type=\"widget\" data-widget_type=\"divider.default\">\n\t\t\t\t\t\t\t<div class=\"elementor-divider\">\n\t\t\t<span class=\"elementor-divider-separator\">\n\t\t\t\t\t\t<\/span>\n\t\t<\/div>\n\t\t\t\t\t\t<\/div>\n\t\t\t\t<div class=\"elementor-element elementor-element-7722157f elementor-widget elementor-widget-text-editor\" data-id=\"7722157f\" data-element_type=\"widget\" data-e-type=\"widget\" data-widget_type=\"text-editor.default\">\n\t\t\t\t\t\t\t\t\t<p><strong>INFORMACI\u00d3N CURRICULAR:<\/strong><\/p><p><strong>MODALIDAD DE ESTUDIOS:<\/strong> Presencial<br \/><strong>TIEMPO DE DURACION DE LA CARRERA:<\/strong> 9 niveles semestrales<br \/><strong>NUMERO DE CREDITOS DE LA CARRERA:<\/strong> 252 cr\u00e9ditos<br \/><strong>REQUISITOS DE GRADUACI\u00d3N:<\/strong> malla curricular, pr\u00e1cticas pre profesionales, trabajo de titulaci\u00f3n.<\/p>\t\t\t\t\t\t\t\t<\/div>\n\t\t\t\t<div class=\"elementor-element elementor-element-332cc568 elementor-widget-divider--view-line elementor-widget elementor-widget-divider\" data-id=\"332cc568\" data-element_type=\"widget\" data-e-type=\"widget\" data-widget_type=\"divider.default\">\n\t\t\t\t\t\t\t<div class=\"elementor-divider\">\n\t\t\t<span class=\"elementor-divider-separator\">\n\t\t\t\t\t\t<\/span>\n\t\t<\/div>\n\t\t\t\t\t\t<\/div>\n\t\t\t\t<div class=\"elementor-element elementor-element-1da1ec06 elementor-widget elementor-widget-text-editor\" data-id=\"1da1ec06\" data-element_type=\"widget\" data-e-type=\"widget\" data-widget_type=\"text-editor.default\">\n\t\t\t\t\t\t\t\t\t<p><strong>OBJETIVOS DE LA CARRERA:<\/strong><\/p><ul><li>Formar profesionales en Ingenier\u00eda Qu\u00edmica bajo un criterio cient\u00edfico-t\u00e9cnico y de responsabilidad social, para aplicar los recursos de la tecnolog\u00eda en el dise\u00f1o, montaje, operaci\u00f3n, evaluaci\u00f3n, selecci\u00f3n de elementos, equipos y\/o m\u00e1quinas que formen parte de los procesos industriales, energ\u00e9ticos, fluidos, con el prop\u00f3sito de coadyuvar al impulso del progreso, desarrollo y transformaci\u00f3n t\u00e9cnico \u2013 econ\u00f3mica de la regi\u00f3n y en general del pa\u00eds.<\/li><\/ul><p><strong>OBJETIVOS ESPEC\u00cdFICOS:<\/strong><\/p><ul><li>Formar Ingenieros Qu\u00edmicos de alta capacidad tecnol\u00f3gica, de gesti\u00f3n empresarial y conciencia social y ambiental mediante:<\/li><li>El desarrollo de un proceso de formaci\u00f3n profesional de alta calidad t\u00e9cnica e integral.<\/li><li>La generaci\u00f3n de procesos de investigaci\u00f3n cient\u00edfica, tecnol\u00f3gica y de innovaci\u00f3n que contribuyan a satisfacer las necesidades de la industria y la sociedad.<\/li><li>El desarrollo de programas de vinculaci\u00f3n con la colectividad como un eje horizontal de integraci\u00f3n entre la universidad y la comunidad, tendiendo a resolver las necesidades de la provincia y del pa\u00eds.<\/li><\/ul>\t\t\t\t\t\t\t\t<\/div>\n\t\t\t\t<div class=\"elementor-element elementor-element-2cffbb06 elementor-widget-divider--view-line elementor-widget elementor-widget-divider\" data-id=\"2cffbb06\" data-element_type=\"widget\" data-e-type=\"widget\" data-widget_type=\"divider.default\">\n\t\t\t\t\t\t\t<div class=\"elementor-divider\">\n\t\t\t<span class=\"elementor-divider-separator\">\n\t\t\t\t\t\t<\/span>\n\t\t<\/div>\n\t\t\t\t\t\t<\/div>\n\t\t\t\t<div class=\"elementor-element elementor-element-2eec466d elementor-widget elementor-widget-text-editor\" data-id=\"2eec466d\" data-element_type=\"widget\" data-e-type=\"widget\" data-widget_type=\"text-editor.default\">\n\t\t\t\t\t\t\t\t\t<p><strong>PERFIL DE ENTRADA (PROFESIONAL):<\/strong><\/p><ul><li>Bachilleres en Ciencias, T\u00e9cnicos, Internacionales<\/li><li>Capacidad de an\u00e1lisis l\u00f3gico y matem\u00e1tico.<\/li><li>Buen conocimiento y manejo de TICs.<\/li><li>Buena capacidad de comprensi\u00f3n lectora.<\/li><li>Buena capacidad de investigaci\u00f3n.<\/li><li>Habilidad en la comunicaci\u00f3n en forma oral y escrita.<\/li><\/ul><p><strong>PERFIL DE SALIDA (PROFESIONAL):<\/strong><\/p><ul><li><p>Un ingeniero qu\u00edmico es un profesional formado con la capacidad de: Adaptar, modificar, optimizar e implementar tecnolog\u00edas relacionadas con la transformaci\u00f3n f\u00edsica, qu\u00edmica y bioqu\u00edmica de materiales, a partir del an\u00e1lisis de sistemas mediante balances de materia y energ\u00eda, tanto en r\u00e9gimen estacionario como no estacionario. Dise\u00f1ar productos y procesos que requieran de transformaci\u00f3n f\u00edsica, qu\u00edmica y bioqu\u00edmica de materiales, mediante la aplicaci\u00f3n de operaciones unitarias.\u00a0 Analizar, modelar y calcular sistemas que impliquen reacci\u00f3n qu\u00edmica o bioqu\u00edmica.<\/p><p><strong>CAMPO OCUPACIONAL<\/strong><\/p><p>Los sectores representativos de la producci\u00f3n en la actividad econ\u00f3mica nacional son: el sector petrolero, la industria manufacturera; y las actividades agropecuarias. El petr\u00f3leo y las actividades ejecutadas alrededor de la explotaci\u00f3n petrolera siguen siendo las de mayor importancia en el sector productivo del pa\u00eds. No obstante, el sector industrial no petrolero tiene un aporte importante en la econom\u00eda.<\/p><p>La estructura productiva de la industria no petrolera ecuatoriana est\u00e1 representada por la Industria de alimentos y bebidas, textiles y confecciones, madera y sus productos,\u00a0 productos qu\u00edmicos, farmac\u00e9utica, caucho y pl\u00e1stico, minerales no met\u00e1licos, papel y sus productos; y maquinaria y equipo.<\/p><p>Los empresarios consideran que la formaci\u00f3n en dise\u00f1o de procesos y dise\u00f1o de plantas es uno de los perfiles t\u00e9cnicos m\u00e1s importantes en un ingeniero qu\u00edmico, al mismo que le asignan un 74% de importancia. El conocimiento en el \u00e1rea ambiental tiene una importancia en el perfil t\u00e9cnico del 76%, y el de administraci\u00f3n una importancia del 74%. Esto se debe principalmente, a que los puestos para los que son contratados requieren de estos conocimientos espec\u00edficos para un adecuado desempe\u00f1o en el trabajo. Los puestos tienen un gran componente administrativo y de manejo de personal, raz\u00f3n por la cual, los empresarios consideran que el perfil t\u00e9cnico administrativo tiene el mismo grado de importancia que el perfil t\u00e9cnico en dise\u00f1o.<\/p><\/li><\/ul>\t\t\t\t\t\t\t\t<\/div>\n\t\t\t\t<div class=\"elementor-element elementor-element-d5ce614 elementor-widget-divider--view-line elementor-widget elementor-widget-divider\" data-id=\"d5ce614\" data-element_type=\"widget\" data-e-type=\"widget\" data-widget_type=\"divider.default\">\n\t\t\t\t\t\t\t<div class=\"elementor-divider\">\n\t\t\t<span class=\"elementor-divider-separator\">\n\t\t\t\t\t\t<\/span>\n\t\t<\/div>\n\t\t\t\t\t\t<\/div>\n\t\t\t\t\t<\/div>\n\t\t<\/div>\n\t\t\t\t\t<\/div>\n\t\t<\/section>\n\t\t\t\t<section class=\"elementor-section elementor-top-section elementor-element elementor-element-dc3e1a1 elementor-section-boxed elementor-section-height-default elementor-section-height-default\" data-id=\"dc3e1a1\" data-element_type=\"section\" data-e-type=\"section\">\n\t\t\t\t\t\t<div class=\"elementor-container elementor-column-gap-default\">\n\t\t\t\t\t<div class=\"elementor-column elementor-col-50 elementor-top-column elementor-element elementor-element-b8138a2\" data-id=\"b8138a2\" data-element_type=\"column\" data-e-type=\"column\">\n\t\t\t<div class=\"elementor-widget-wrap elementor-element-populated\">\n\t\t\t\t\t\t<div class=\"elementor-element elementor-element-7e3d79c elementor-widget elementor-widget-heading\" data-id=\"7e3d79c\" data-element_type=\"widget\" data-e-type=\"widget\" data-widget_type=\"heading.default\">\n\t\t\t\t\t<h2 class=\"elementor-heading-title elementor-size-medium\">DESCRIPCI\u00d3N DE LA CARRERA<\/h2>\t\t\t\t<\/div>\n\t\t\t\t\t<\/div>\n\t\t<\/div>\n\t\t\t\t<div class=\"elementor-column elementor-col-50 elementor-top-column elementor-element elementor-element-0a6a1ed\" data-id=\"0a6a1ed\" data-element_type=\"column\" data-e-type=\"column\">\n\t\t\t<div class=\"elementor-widget-wrap elementor-element-populated\">\n\t\t\t\t\t\t<div class=\"elementor-element elementor-element-8a1a3b2 elementor-widget elementor-widget-heading\" data-id=\"8a1a3b2\" data-element_type=\"widget\" data-e-type=\"widget\" data-widget_type=\"heading.default\">\n\t\t\t\t\t<h2 class=\"elementor-heading-title elementor-size-medium\">MAPA CURRICULAR<\/h2>\t\t\t\t<\/div>\n\t\t\t\t\t<\/div>\n\t\t<\/div>\n\t\t\t\t\t<\/div>\n\t\t<\/section>\n\t\t\t\t<section class=\"elementor-section elementor-top-section elementor-element elementor-element-7af81f2 elementor-section-boxed elementor-section-height-default elementor-section-height-default\" data-id=\"7af81f2\" data-element_type=\"section\" data-e-type=\"section\">\n\t\t\t\t\t\t<div class=\"elementor-container elementor-column-gap-default\">\n\t\t\t\t\t<div class=\"elementor-column elementor-col-50 elementor-top-column elementor-element elementor-element-95341ac\" data-id=\"95341ac\" data-element_type=\"column\" data-e-type=\"column\">\n\t\t\t<div class=\"elementor-widget-wrap elementor-element-populated\">\n\t\t\t\t\t\t<div class=\"elementor-element elementor-element-7a96e38 elementor-view-default elementor-widget elementor-widget-icon\" data-id=\"7a96e38\" data-element_type=\"widget\" data-e-type=\"widget\" data-widget_type=\"icon.default\">\n\t\t\t\t\t\t\t<div class=\"elementor-icon-wrapper\">\n\t\t\t<a class=\"elementor-icon\" href=\"https:\/\/drive.google.com\/uc?id=1wiKPSzj5xJs2dbIuEiFOMpVCVrYMklWr&#038;export=download\">\n\t\t\t<svg xmlns=\"http:\/\/www.w3.org\/2000\/svg\" id=\"File_management\" height=\"512\" viewBox=\"0 0 64 64\" width=\"512\" data-name=\"File management\"><path d=\"m49 11a12.033 12.033 0 0 0 -2.592.288 12 12 0 0 0 -22.837.058 9.967 9.967 0 0 0 -12.571 9.654v.08a7 7 0 1 0 -1 13.92h39a12 12 0 0 0 0-24z\" fill=\"#4a80aa\"><\/path><path d=\"m48 48h-32v-31h23l9 9z\" fill=\"#ffe027\"><\/path><path d=\"m48 26h-9v-9z\" fill=\"#ffcd25\"><\/path><path d=\"m32 61-13-9h7l-3-13h18l-3 13h7z\" fill=\"#23be99\"><\/path><path d=\"m49 10a12.8 12.8 0 0 0 -1.942.148 13 13 0 0 0 -24.13.032 10.7 10.7 0 0 0 -1.928-.18 11.021 11.021 0 0 0 -10.949 10h-.051a8 8 0 0 0 0 16h5v12a1 1 0 0 0 1 1h8.282l.461 2h-5.743a1 1 0 0 0 -.569 1.822l13 9a1 1 0 0 0 1.138 0l13-9a1 1 0 0 0 -.569-1.822h-5.743l.461-2h8.282a1 1 0 0 0 1-1v-12a13 13 0 0 0 0-26zm-7.2 43-9.8 6.784-9.8-6.784h3.8a1 1 0 0 0 .975-1.225l-2.718-11.775h15.486l-2.718 11.775a1 1 0 0 0 .975 1.225zm5.2-6h-6.82l1.8-7.775a1 1 0 0 0 -.98-1.225h-18a1 1 0 0 0 -.975 1.225l1.795 7.775h-6.82v-29h21v8a1 1 0 0 0 1 1h8zm-7-27.586 5.586 5.586h-5.586zm9 14.586v-8a1 1 0 0 0 -.293-.707l-9-9a1 1 0 0 0 -.707-.293h-23a1 1 0 0 0 -1 1v17h-5a6 6 0 0 1 0-12 5.423 5.423 0 0 1 .846.068 1.054 1.054 0 0 0 .8-.268 1.088 1.088 0 0 0 .354-.8 8.956 8.956 0 0 1 11.311-8.685 1 1 0 0 0 1.211-.661 11 11 0 0 1 20.937-.054 1 1 0 0 0 1.175.664 10.567 10.567 0 0 1 2.366-.264 11 11 0 0 1 0 22z\"><\/path><path d=\"m19 20h2v2h-2z\"><\/path><path d=\"m23 20h13v2h-13z\"><\/path><path d=\"m19 24h17v2h-17z\"><\/path><path d=\"m19 28h5v2h-5z\"><\/path><path d=\"m26 28h10v2h-10z\"><\/path><path d=\"m19 32h26v2h-26z\"><\/path><\/svg>\t\t\t<\/a>\n\t\t<\/div>\n\t\t\t\t\t\t<\/div>\n\t\t\t\t\t<\/div>\n\t\t<\/div>\n\t\t\t\t<div class=\"elementor-column elementor-col-50 elementor-top-column elementor-element elementor-element-e5917a1\" data-id=\"e5917a1\" data-element_type=\"column\" data-e-type=\"column\">\n\t\t\t<div class=\"elementor-widget-wrap elementor-element-populated\">\n\t\t\t\t\t\t<div class=\"elementor-element elementor-element-b1b7bdc elementor-view-default elementor-widget elementor-widget-icon\" data-id=\"b1b7bdc\" data-element_type=\"widget\" data-e-type=\"widget\" data-widget_type=\"icon.default\">\n\t\t\t\t\t\t\t<div class=\"elementor-icon-wrapper\">\n\t\t\t<a class=\"elementor-icon\" href=\"https:\/\/drive.google.com\/uc?id=1xtecttzXQzlD66ZOPLg1L1s74qJ4ftwN&#038;export=download\">\n\t\t\t<svg xmlns=\"http:\/\/www.w3.org\/2000\/svg\" id=\"File_management\" height=\"512\" viewBox=\"0 0 64 64\" width=\"512\" data-name=\"File management\"><path d=\"m49 11a12.033 12.033 0 0 0 -2.592.288 12 12 0 0 0 -22.837.058 9.967 9.967 0 0 0 -12.571 9.654v.08a7 7 0 1 0 -1 13.92h39a12 12 0 0 0 0-24z\" fill=\"#4a80aa\"><\/path><path d=\"m48 48h-32v-31h23l9 9z\" fill=\"#ffe027\"><\/path><path d=\"m48 26h-9v-9z\" fill=\"#ffcd25\"><\/path><path d=\"m32 61-13-9h7l-3-13h18l-3 13h7z\" fill=\"#23be99\"><\/path><path d=\"m49 10a12.8 12.8 0 0 0 -1.942.148 13 13 0 0 0 -24.13.032 10.7 10.7 0 0 0 -1.928-.18 11.021 11.021 0 0 0 -10.949 10h-.051a8 8 0 0 0 0 16h5v12a1 1 0 0 0 1 1h8.282l.461 2h-5.743a1 1 0 0 0 -.569 1.822l13 9a1 1 0 0 0 1.138 0l13-9a1 1 0 0 0 -.569-1.822h-5.743l.461-2h8.282a1 1 0 0 0 1-1v-12a13 13 0 0 0 0-26zm-7.2 43-9.8 6.784-9.8-6.784h3.8a1 1 0 0 0 .975-1.225l-2.718-11.775h15.486l-2.718 11.775a1 1 0 0 0 .975 1.225zm5.2-6h-6.82l1.8-7.775a1 1 0 0 0 -.98-1.225h-18a1 1 0 0 0 -.975 1.225l1.795 7.775h-6.82v-29h21v8a1 1 0 0 0 1 1h8zm-7-27.586 5.586 5.586h-5.586zm9 14.586v-8a1 1 0 0 0 -.293-.707l-9-9a1 1 0 0 0 -.707-.293h-23a1 1 0 0 0 -1 1v17h-5a6 6 0 0 1 0-12 5.423 5.423 0 0 1 .846.068 1.054 1.054 0 0 0 .8-.268 1.088 1.088 0 0 0 .354-.8 8.956 8.956 0 0 1 11.311-8.685 1 1 0 0 0 1.211-.661 11 11 0 0 1 20.937-.054 1 1 0 0 0 1.175.664 10.567 10.567 0 0 1 2.366-.264 11 11 0 0 1 0 22z\"><\/path><path d=\"m19 20h2v2h-2z\"><\/path><path d=\"m23 20h13v2h-13z\"><\/path><path d=\"m19 24h17v2h-17z\"><\/path><path d=\"m19 28h5v2h-5z\"><\/path><path d=\"m26 28h10v2h-10z\"><\/path><path d=\"m19 32h26v2h-26z\"><\/path><\/svg>\t\t\t<\/a>\n\t\t<\/div>\n\t\t\t\t\t\t<\/div>\n\t\t\t\t\t<\/div>\n\t\t<\/div>\n\t\t\t\t\t<\/div>\n\t\t<\/section>\n\t\t\t\t<\/div>\n\t\t","protected":false},"excerpt":{"rendered":"<p>INFORMACI\u00d3N GENERAL:\u00a0 NOMBRE DE LA INSTITUCION: Universidad T\u00e9cnica Luis Vargas Torres de Esmeraldas.NOMBRE DE LA FACULTAD: Facultad de Ingenier\u00edasNOMBRE DE &hellip; <\/p>\n","protected":false},"author":3,"featured_media":0,"parent":775,"menu_order":0,"comment_status":"closed","ping_status":"closed","template":"","meta":{"_eb_attr":"","_uf_show_specific_survey":0,"_uf_disable_surveys":false,"footnotes":""},"class_list":["post-1093","page","type-page","status-publish","hentry","latest_post"],"aioseo_notices":[],"a3_pvc":{"activated":true,"total_views":0,"today_views":0},"_links":{"self":[{"href":"https:\/\/www.utelvt.edu.ec\/site\/wp-json\/wp\/v2\/pages\/1093","targetHints":{"allow":["GET"]}}],"collection":[{"href":"https:\/\/www.utelvt.edu.ec\/site\/wp-json\/wp\/v2\/pages"}],"about":[{"href":"https:\/\/www.utelvt.edu.ec\/site\/wp-json\/wp\/v2\/types\/page"}],"author":[{"embeddable":true,"href":"https:\/\/www.utelvt.edu.ec\/site\/wp-json\/wp\/v2\/users\/3"}],"replies":[{"embeddable":true,"href":"https:\/\/www.utelvt.edu.ec\/site\/wp-json\/wp\/v2\/comments?post=1093"}],"version-history":[{"count":99,"href":"https:\/\/www.utelvt.edu.ec\/site\/wp-json\/wp\/v2\/pages\/1093\/revisions"}],"predecessor-version":[{"id":10037,"href":"https:\/\/www.utelvt.edu.ec\/site\/wp-json\/wp\/v2\/pages\/1093\/revisions\/10037"}],"up":[{"embeddable":true,"href":"https:\/\/www.utelvt.edu.ec\/site\/wp-json\/wp\/v2\/pages\/775"}],"wp:attachment":[{"href":"https:\/\/www.utelvt.edu.ec\/site\/wp-json\/wp\/v2\/media?parent=1093"}],"curies":[{"name":"wp","href":"https:\/\/api.w.org\/{rel}","templated":true}]}}