{"id":10494,"date":"2024-01-17T12:18:26","date_gmt":"2024-01-17T17:18:26","guid":{"rendered":"https:\/\/www.utelvt.edu.ec\/site\/?page_id=10494"},"modified":"2024-01-17T12:30:41","modified_gmt":"2024-01-17T17:30:41","slug":"alianzas","status":"publish","type":"page","link":"https:\/\/www.utelvt.edu.ec\/site\/alianzas\/","title":{"rendered":"ALIANZAS"},"content":{"rendered":"\t\t<div data-elementor-type=\"wp-page\" data-elementor-id=\"10494\" class=\"elementor elementor-10494\">\n\t\t\t\t<div class=\"elementor-element elementor-element-59cc622c e-flex e-con-boxed e-con e-parent\" data-id=\"59cc622c\" data-element_type=\"container\" data-e-type=\"container\">\n\t\t\t\t\t<div class=\"e-con-inner\">\n\t\t\t\t<div class=\"elementor-element elementor-element-383504a1 elementor-widget elementor-widget-image\" data-id=\"383504a1\" data-element_type=\"widget\" data-e-type=\"widget\" data-widget_type=\"image.default\">\n\t\t\t\t\t\t\t\t\t\t\t\t\t\t\t<img fetchpriority=\"high\" decoding=\"async\" width=\"2480\" height=\"227\" src=\"https:\/\/www.utelvt.edu.ec\/site\/wp-content\/uploads\/2024\/01\/ALINAZAS.png\" class=\"attachment-full size-full wp-image-10496\" alt=\"\" srcset=\"https:\/\/www.utelvt.edu.ec\/site\/wp-content\/uploads\/2024\/01\/ALINAZAS.png 2480w, https:\/\/www.utelvt.edu.ec\/site\/wp-content\/uploads\/2024\/01\/ALINAZAS-300x27.png 300w, https:\/\/www.utelvt.edu.ec\/site\/wp-content\/uploads\/2024\/01\/ALINAZAS-1024x94.png 1024w, https:\/\/www.utelvt.edu.ec\/site\/wp-content\/uploads\/2024\/01\/ALINAZAS-768x70.png 768w, https:\/\/www.utelvt.edu.ec\/site\/wp-content\/uploads\/2024\/01\/ALINAZAS-1536x141.png 1536w, https:\/\/www.utelvt.edu.ec\/site\/wp-content\/uploads\/2024\/01\/ALINAZAS-2048x187.png 2048w\" sizes=\"(max-width: 2480px) 100vw, 2480px\" \/>\t\t\t\t\t\t\t\t\t\t\t\t\t\t\t<\/div>\n\t\t\t\t\t<\/div>\n\t\t\t\t<\/div>\n\t\t<div class=\"elementor-element elementor-element-147cc08 e-flex e-con-boxed e-con e-parent\" data-id=\"147cc08\" data-element_type=\"container\" data-e-type=\"container\">\n\t\t\t\t\t<div class=\"e-con-inner\">\n\t\t\t\t<div class=\"elementor-element elementor-element-7aac636 elementor-widget elementor-widget-text-editor\" data-id=\"7aac636\" data-element_type=\"widget\" data-e-type=\"widget\" data-widget_type=\"text-editor.default\">\n\t\t\t\t\t\t\t\t\t<p><strong>En este apartado pueden encontrar espacios de formaci\u00f3n. Compartimos enlaces de plataformas que nos brindan oportunidades de aprendizajes que est\u00e1n lideradas por diversas organizaciones:<\/strong><\/p>\t\t\t\t\t\t\t\t<\/div>\n\t\t\t\t\t<\/div>\n\t\t\t\t<\/div>\n\t\t<div class=\"elementor-element elementor-element-894a6f2 e-flex e-con-boxed e-con e-parent\" data-id=\"894a6f2\" data-element_type=\"container\" data-e-type=\"container\">\n\t\t\t\t\t<div class=\"e-con-inner\">\n\t\t\t\t<div class=\"elementor-element elementor-element-420d34c elementor-widget-divider--view-line elementor-widget elementor-widget-divider\" data-id=\"420d34c\" data-element_type=\"widget\" data-e-type=\"widget\" data-widget_type=\"divider.default\">\n\t\t\t\t\t\t\t<div class=\"elementor-divider\">\n\t\t\t<span class=\"elementor-divider-separator\">\n\t\t\t\t\t\t<\/span>\n\t\t<\/div>\n\t\t\t\t\t\t<\/div>\n\t\t\t\t\t<\/div>\n\t\t\t\t<\/div>\n\t\t<div class=\"elementor-element elementor-element-96e318e e-flex e-con-boxed e-con e-parent\" data-id=\"96e318e\" data-element_type=\"container\" data-e-type=\"container\">\n\t\t\t\t\t<div class=\"e-con-inner\">\n\t\t\t\t<div class=\"elementor-element elementor-element-f8f758a elementor-widget elementor-widget-text-editor\" data-id=\"f8f758a\" data-element_type=\"widget\" data-e-type=\"widget\" data-widget_type=\"text-editor.default\">\n\t\t\t\t\t\t\t\t\t<p><strong>\u00c1GORA: <\/strong>\u00c1gora es un portal gratuito que ofrece soluciones de aprendizaje personalizadas para el personal, socios y colaboradores de Unicef.<\/p>\t\t\t\t\t\t\t\t<\/div>\n\t\t\t\t\t<\/div>\n\t\t\t\t<\/div>\n\t\t<div class=\"elementor-element elementor-element-7fd1be3 e-flex e-con-boxed e-con e-parent\" data-id=\"7fd1be3\" data-element_type=\"container\" data-e-type=\"container\">\n\t\t\t\t\t<div class=\"e-con-inner\">\n\t\t\t\t<div class=\"elementor-element elementor-element-aab444e elementor-align-center elementor-widget elementor-widget-button\" data-id=\"aab444e\" data-element_type=\"widget\" data-e-type=\"widget\" data-widget_type=\"button.default\">\n\t\t\t\t\t\t\t\t\t\t<a class=\"elementor-button elementor-button-link elementor-size-sm\" href=\"https:\/\/agora.unicef.org\/?lang=es\">\n\t\t\t\t\t\t<span class=\"elementor-button-content-wrapper\">\n\t\t\t\t\t\t\t\t\t<span class=\"elementor-button-text\">ENLACE: \u00c1GORA<\/span>\n\t\t\t\t\t<\/span>\n\t\t\t\t\t<\/a>\n\t\t\t\t\t\t\t\t<\/div>\n\t\t\t\t\t<\/div>\n\t\t\t\t<\/div>\n\t\t<div class=\"elementor-element elementor-element-ba23f09 e-flex e-con-boxed e-con e-parent\" data-id=\"ba23f09\" data-element_type=\"container\" data-e-type=\"container\">\n\t\t\t\t\t<div class=\"e-con-inner\">\n\t\t\t\t<div class=\"elementor-element elementor-element-d45c20c elementor-widget-divider--view-line elementor-widget elementor-widget-divider\" data-id=\"d45c20c\" data-element_type=\"widget\" data-e-type=\"widget\" data-widget_type=\"divider.default\">\n\t\t\t\t\t\t\t<div class=\"elementor-divider\">\n\t\t\t<span class=\"elementor-divider-separator\">\n\t\t\t\t\t\t<\/span>\n\t\t<\/div>\n\t\t\t\t\t\t<\/div>\n\t\t\t\t\t<\/div>\n\t\t\t\t<\/div>\n\t\t<div class=\"elementor-element elementor-element-f044897 e-flex e-con-boxed e-con e-parent\" data-id=\"f044897\" data-element_type=\"container\" data-e-type=\"container\">\n\t\t\t\t\t<div class=\"e-con-inner\">\n\t\t\t\t<div class=\"elementor-element elementor-element-59e8bb2 elementor-widget elementor-widget-text-editor\" data-id=\"59e8bb2\" data-element_type=\"widget\" data-e-type=\"widget\" data-widget_type=\"text-editor.default\">\n\t\t\t\t\t\t\t\t\t<p style=\"text-align: justify;\"><strong>AULA DE DERECHOS HUMANOS: <\/strong>COOPI Cooperazione Internazionale\u00a0y su socio\u00a0UNICEF\u00a0ponen al servicio de la ciudadan\u00eda este portal de aprendizaje online gratuito, en el que encontrar\u00e1s los insumos necesarios para la formaci\u00f3n en movilidad humana.<\/p>\t\t\t\t\t\t\t\t<\/div>\n\t\t\t\t\t<\/div>\n\t\t\t\t<\/div>\n\t\t<div class=\"elementor-element elementor-element-7b95c4c e-flex e-con-boxed e-con e-parent\" data-id=\"7b95c4c\" data-element_type=\"container\" data-e-type=\"container\">\n\t\t\t\t\t<div class=\"e-con-inner\">\n\t\t\t\t<div class=\"elementor-element elementor-element-493c49f elementor-align-center elementor-widget elementor-widget-button\" data-id=\"493c49f\" data-element_type=\"widget\" data-e-type=\"widget\" data-widget_type=\"button.default\">\n\t\t\t\t\t\t\t\t\t\t<a class=\"elementor-button elementor-button-link elementor-size-sm\" href=\"https:\/\/auladederechoshumanos.org\/\">\n\t\t\t\t\t\t<span class=\"elementor-button-content-wrapper\">\n\t\t\t\t\t\t\t\t\t<span class=\"elementor-button-text\">Haz clic aqu\u00ed<\/span>\n\t\t\t\t\t<\/span>\n\t\t\t\t\t<\/a>\n\t\t\t\t\t\t\t\t<\/div>\n\t\t\t\t\t<\/div>\n\t\t\t\t<\/div>\n\t\t<div class=\"elementor-element elementor-element-93d71e0 e-flex e-con-boxed e-con e-parent\" data-id=\"93d71e0\" data-element_type=\"container\" data-e-type=\"container\">\n\t\t\t\t\t<div class=\"e-con-inner\">\n\t\t\t\t<div class=\"elementor-element elementor-element-42757a6 elementor-widget-divider--view-line elementor-widget elementor-widget-divider\" data-id=\"42757a6\" data-element_type=\"widget\" data-e-type=\"widget\" data-widget_type=\"divider.default\">\n\t\t\t\t\t\t\t<div class=\"elementor-divider\">\n\t\t\t<span class=\"elementor-divider-separator\">\n\t\t\t\t\t\t<\/span>\n\t\t<\/div>\n\t\t\t\t\t\t<\/div>\n\t\t\t\t\t<\/div>\n\t\t\t\t<\/div>\n\t\t<div class=\"elementor-element elementor-element-2c45d11 e-flex e-con-boxed e-con e-parent\" data-id=\"2c45d11\" data-element_type=\"container\" data-e-type=\"container\">\n\t\t\t\t\t<div class=\"e-con-inner\">\n\t\t\t\t<div class=\"elementor-element elementor-element-bb642df elementor-widget elementor-widget-text-editor\" data-id=\"bb642df\" data-element_type=\"widget\" data-e-type=\"widget\" data-widget_type=\"text-editor.default\">\n\t\t\t\t\t\t\t\t\t<p style=\"text-align: justify;\"><strong>MoVIHBOT:<\/strong> Es un chat bot que encontramos en Telegram donde se brinda informaci\u00f3n general sobre VIH, podr\u00e1s encontrar informaci\u00f3n general sobre VIH, tratamiento, medidas de prevenci\u00f3n y mitos. Esta iniciativa es liderada por la Plataforma MoVIHl\u00edzate.<\/p>\t\t\t\t\t\t\t\t<\/div>\n\t\t\t\t\t<\/div>\n\t\t\t\t<\/div>\n\t\t<div class=\"elementor-element elementor-element-a97351b e-flex e-con-boxed e-con e-parent\" data-id=\"a97351b\" data-element_type=\"container\" data-e-type=\"container\">\n\t\t\t\t\t<div class=\"e-con-inner\">\n\t\t\t\t<div class=\"elementor-element elementor-element-853b31a elementor-widget elementor-widget-image\" data-id=\"853b31a\" data-element_type=\"widget\" data-e-type=\"widget\" data-widget_type=\"image.default\">\n\t\t\t\t\t\t\t\t\t\t\t\t\t\t\t<img decoding=\"async\" width=\"150\" height=\"150\" src=\"https:\/\/www.utelvt.edu.ec\/site\/wp-content\/uploads\/2024\/01\/BOT-SCAN-150x150.png\" class=\"attachment-thumbnail size-thumbnail wp-image-10509\" alt=\"\" srcset=\"https:\/\/www.utelvt.edu.ec\/site\/wp-content\/uploads\/2024\/01\/BOT-SCAN-150x150.png 150w, https:\/\/www.utelvt.edu.ec\/site\/wp-content\/uploads\/2024\/01\/BOT-SCAN-246x246.png 246w, https:\/\/www.utelvt.edu.ec\/site\/wp-content\/uploads\/2024\/01\/BOT-SCAN-275x275.png 275w, https:\/\/www.utelvt.edu.ec\/site\/wp-content\/uploads\/2024\/01\/BOT-SCAN-70x70.png 70w, https:\/\/www.utelvt.edu.ec\/site\/wp-content\/uploads\/2024\/01\/BOT-SCAN-276x276.png 276w, https:\/\/www.utelvt.edu.ec\/site\/wp-content\/uploads\/2024\/01\/BOT-SCAN-125x125.png 125w, https:\/\/www.utelvt.edu.ec\/site\/wp-content\/uploads\/2024\/01\/BOT-SCAN-211x211.png 211w\" sizes=\"(max-width: 150px) 100vw, 150px\" \/>\t\t\t\t\t\t\t\t\t\t\t\t\t\t\t<\/div>\n\t\t\t\t\t<\/div>\n\t\t\t\t<\/div>\n\t\t<div class=\"elementor-element elementor-element-9fea926 e-flex e-con-boxed e-con e-parent\" data-id=\"9fea926\" data-element_type=\"container\" data-e-type=\"container\">\n\t\t\t\t\t<div class=\"e-con-inner\">\n\t\t\t\t<div class=\"elementor-element elementor-element-25b56aa elementor-widget-divider--view-line elementor-widget elementor-widget-divider\" data-id=\"25b56aa\" data-element_type=\"widget\" data-e-type=\"widget\" data-widget_type=\"divider.default\">\n\t\t\t\t\t\t\t<div class=\"elementor-divider\">\n\t\t\t<span class=\"elementor-divider-separator\">\n\t\t\t\t\t\t<\/span>\n\t\t<\/div>\n\t\t\t\t\t\t<\/div>\n\t\t\t\t\t<\/div>\n\t\t\t\t<\/div>\n\t\t<div class=\"elementor-element elementor-element-19cf669 e-flex e-con-boxed e-con e-parent\" data-id=\"19cf669\" data-element_type=\"container\" data-e-type=\"container\">\n\t\t\t\t\t<div class=\"e-con-inner\">\n\t\t\t\t<div class=\"elementor-element elementor-element-5a70a23 elementor-widget elementor-widget-text-editor\" data-id=\"5a70a23\" data-element_type=\"widget\" data-e-type=\"widget\" data-widget_type=\"text-editor.default\">\n\t\t\t\t\t\t\t\t\t<p style=\"text-align: justify;\"><strong>Manual de Prevenci\u00f3n de Prevenci\u00f3n de Violencias Basadas en G\u00e9nero en Emergencias.<\/strong><\/p>\n<p style=\"text-align: justify;\">El objetivo de este Manual es brindar a las y los servidores p\u00fablicos que laboran en la respuesta humanitaria, herramientas para el desarrollo de capacidades que les permitan implementar acciones de prevenci\u00f3n, mitigaci\u00f3n y respuesta a la VBG en situaciones de emergencia.<\/p>\n<p style=\"text-align: justify;\">El manual est\u00e1 compuesto por cinco m\u00f3dulos, como anexos constan un pretest &#8211; postest, lecturas recomendadas para refuerzo de conocimientos y una presentaci\u00f3n en power point.<\/p>\t\t\t\t\t\t\t\t<\/div>\n\t\t\t\t\t<\/div>\n\t\t\t\t<\/div>\n\t\t<div class=\"elementor-element elementor-element-30e1727 e-flex e-con-boxed e-con e-parent\" data-id=\"30e1727\" data-element_type=\"container\" data-e-type=\"container\">\n\t\t\t\t\t<div class=\"e-con-inner\">\n\t\t\t\t<div class=\"elementor-element elementor-element-ee2de24 elementor-align-center elementor-widget elementor-widget-button\" data-id=\"ee2de24\" data-element_type=\"widget\" data-e-type=\"widget\" data-widget_type=\"button.default\">\n\t\t\t\t\t\t\t\t\t\t<a class=\"elementor-button elementor-button-link elementor-size-sm\" href=\"https:\/\/drive.google.com\/file\/d\/10bvpOZWEOsKIPr3WK8OQht98NxJcislM\/view?usp=sharing\">\n\t\t\t\t\t\t<span class=\"elementor-button-content-wrapper\">\n\t\t\t\t\t\t\t\t\t<span class=\"elementor-button-text\">Haz clic aqu\u00ed<\/span>\n\t\t\t\t\t<\/span>\n\t\t\t\t\t<\/a>\n\t\t\t\t\t\t\t\t<\/div>\n\t\t\t\t\t<\/div>\n\t\t\t\t<\/div>\n\t\t<div class=\"elementor-element elementor-element-f878244 e-flex e-con-boxed e-con e-parent\" data-id=\"f878244\" data-element_type=\"container\" data-e-type=\"container\">\n\t\t\t\t\t<div class=\"e-con-inner\">\n\t\t\t\t<div class=\"elementor-element elementor-element-6df2787 elementor-widget-divider--view-line elementor-widget elementor-widget-divider\" data-id=\"6df2787\" data-element_type=\"widget\" data-e-type=\"widget\" data-widget_type=\"divider.default\">\n\t\t\t\t\t\t\t<div class=\"elementor-divider\">\n\t\t\t<span class=\"elementor-divider-separator\">\n\t\t\t\t\t\t<\/span>\n\t\t<\/div>\n\t\t\t\t\t\t<\/div>\n\t\t\t\t\t<\/div>\n\t\t\t\t<\/div>\n\t\t<div class=\"elementor-element elementor-element-092a4f4 e-flex e-con-boxed e-con e-parent\" data-id=\"092a4f4\" data-element_type=\"container\" data-e-type=\"container\">\n\t\t\t\t\t<div class=\"e-con-inner\">\n\t\t\t\t<div class=\"elementor-element elementor-element-694fa49 elementor-widget elementor-widget-text-editor\" data-id=\"694fa49\" data-element_type=\"widget\" data-e-type=\"widget\" data-widget_type=\"text-editor.default\">\n\t\t\t\t\t\t\t\t\t<p style=\"text-align: justify;\"><strong>Gu\u00eda de la Mesa de G\u00e9nero de Esmeraldas. Huella de Pioneras.<\/strong><\/p>\n<p style=\"text-align: justify;\">Se trata de una Gu\u00eda Did\u00e1ctica que se centra en la formaci\u00f3n en g\u00e9nero a trav\u00e9s de la labor llevada a cabo por la Mesa Interinstitucional de G\u00e9nero del Cant\u00f3n Esmeraldas.<\/p>\n<p style=\"text-align: justify;\">La idea es que se utilice como material did\u00e1ctico tanto en la ense\u00f1anza media como en la universitaria, ya que seg\u00fan la edad del estudiantado el contenido se puede manejar de una u otra manera, siendo la finalidad que las y los destinatarios reflexionen, aprendan y rompan con las falsas creencias y los tab\u00faes. Por ello, tambi\u00e9n esta gu\u00eda apuesta por el aprendizaje desde la simetr\u00eda y desde la realidad en la que se viven.<\/p>\t\t\t\t\t\t\t\t<\/div>\n\t\t\t\t\t<\/div>\n\t\t\t\t<\/div>\n\t\t<div class=\"elementor-element elementor-element-b6323d3 e-flex e-con-boxed e-con e-parent\" data-id=\"b6323d3\" data-element_type=\"container\" data-e-type=\"container\">\n\t\t\t\t\t<div class=\"e-con-inner\">\n\t\t\t\t<div class=\"elementor-element elementor-element-906293c elementor-align-center elementor-widget elementor-widget-button\" data-id=\"906293c\" data-element_type=\"widget\" data-e-type=\"widget\" data-widget_type=\"button.default\">\n\t\t\t\t\t\t\t\t\t\t<a class=\"elementor-button elementor-button-link elementor-size-sm\" href=\"https:\/\/drive.google.com\/file\/d\/1ewB1r03VGgisFdb4t3jFo-Wl3IkPgW9-\/view?usp=sharing\">\n\t\t\t\t\t\t<span class=\"elementor-button-content-wrapper\">\n\t\t\t\t\t\t\t\t\t<span class=\"elementor-button-text\">Haz clic aqu\u00ed<\/span>\n\t\t\t\t\t<\/span>\n\t\t\t\t\t<\/a>\n\t\t\t\t\t\t\t\t<\/div>\n\t\t\t\t\t<\/div>\n\t\t\t\t<\/div>\n\t\t\t\t<\/div>\n\t\t","protected":false},"excerpt":{"rendered":"<p>En este apartado pueden encontrar espacios de formaci\u00f3n. Compartimos enlaces de plataformas que nos brindan oportunidades de aprendizajes que est\u00e1n &hellip; <\/p>\n","protected":false},"author":3,"featured_media":0,"parent":0,"menu_order":0,"comment_status":"closed","ping_status":"closed","template":"","meta":{"_eb_attr":"","_uf_show_specific_survey":0,"_uf_disable_surveys":false,"footnotes":""},"class_list":["post-10494","page","type-page","status-publish","hentry","latest_post"],"aioseo_notices":[],"a3_pvc":{"activated":true,"total_views":0,"today_views":0},"_links":{"self":[{"href":"https:\/\/www.utelvt.edu.ec\/site\/wp-json\/wp\/v2\/pages\/10494","targetHints":{"allow":["GET"]}}],"collection":[{"href":"https:\/\/www.utelvt.edu.ec\/site\/wp-json\/wp\/v2\/pages"}],"about":[{"href":"https:\/\/www.utelvt.edu.ec\/site\/wp-json\/wp\/v2\/types\/page"}],"author":[{"embeddable":true,"href":"https:\/\/www.utelvt.edu.ec\/site\/wp-json\/wp\/v2\/users\/3"}],"replies":[{"embeddable":true,"href":"https:\/\/www.utelvt.edu.ec\/site\/wp-json\/wp\/v2\/comments?post=10494"}],"version-history":[{"count":31,"href":"https:\/\/www.utelvt.edu.ec\/site\/wp-json\/wp\/v2\/pages\/10494\/revisions"}],"predecessor-version":[{"id":10527,"href":"https:\/\/www.utelvt.edu.ec\/site\/wp-json\/wp\/v2\/pages\/10494\/revisions\/10527"}],"wp:attachment":[{"href":"https:\/\/www.utelvt.edu.ec\/site\/wp-json\/wp\/v2\/media?parent=10494"}],"curies":[{"name":"wp","href":"https:\/\/api.w.org\/{rel}","templated":true}]}}